{"id":2860,"date":"2025-11-18T09:10:17","date_gmt":"2025-11-18T09:10:17","guid":{"rendered":"https:\/\/liveta.shop\/?post_type=product&#038;p=2860"},"modified":"2025-11-27T09:14:12","modified_gmt":"2025-11-27T09:14:12","slug":"irklavimo-treniruoklis-toorx-rower-compact","status":"publish","type":"product","link":"https:\/\/liveta.shop\/en\/product\/irklavimo-treniruoklis-toorx-rower-compact\/","title":{"rendered":"Irklavimo treniruoklis TOORX ROWER COM"},"content":{"rendered":"<p><span data-sheets-root=\"1\">Nuo 1954 m. Garlando siekia apjungti pramon\u0117s tradicijas su nuolatin\u0117mis inovacijos ir naujovi\u0173 tendencijomis. Siekdama geriausiai patenkinti klient\u0173 poilsio ir sporto poreikius, \u201eGarlando\u201c vis labiau \u0117m\u0117 pl\u0117toti lyderyst\u0119 sporto \u012frangos ir k\u016bno rengybos srityje, pristatydama naujas produkt\u0173 linijas ir suk\u016brusi ne vien\u0105 prek\u0117s \u017eenkl\u0105.<br \/>\nEuropoje u\u017eregistruotas prek\u0117s \u017eenklas \u201eToorx\u201c rodo, kad \u012fmon\u0117 nori dar labiau i\u0161pl\u0117sti savo akirat\u012f ne tik profesionalioje, ta\u010diau ir nam\u0173 fitneso srityje. \u201eToorx\u201c gaminiai pasi\u017eymi auk\u0161to lygio dizainu ir konstrukcija, pagaminta Italijoje.<br \/>\n\u201eToorx\u201c gamini\u0173 asortimentas yra skirtas net ir reikliausiems vartotojams, taip pat siekiant u\u017etikrinti ger\u0105 kainos ir kokyb\u0117s santyk\u012f. \u201eToorx\u201c asortimentas neapsiriboja tik treniruokliais profesionalioms sporto sal\u0117ms, nam\u0173 naudojimui, jie u\u017esiima ir smulkiojo inventroriaus gamyba.<br \/>\n\u201eToox \u201e gamini\u0173 linija suskirstyta \u012f Professional, Light Commercial, Chrono Pro Line ir Chrono Line.<\/span><\/p>","protected":false},"excerpt":{"rendered":"<p><span data-sheets-root=\"1\">Toorx Rower Compact &#8211; tai paprastas, ta\u010diau efektyvus nam\u0173 irklavimo treniruoklis. Tvirtas plieninis r\u0117mas, hidraulin\u0117 irklavimo sistema bei tikslus kompiuteris. Treniruoklis turi sulankstymo galimyb\u0119, tod\u0117l jis neu\u017eima daug vietos.<\/p>\n<p>K\u0117d\u0117 s\u0117dyn\u0117 slankiojanti ant aliuminini\u0173 b\u0117gi\u0173;<br \/>\nPedalai su dir\u017eeliais;<br \/>\nAtitinka CE-ROHS-EN957 standartus<\/span><\/p>","protected":false},"featured_media":2861,"template":"","meta":{"site-sidebar-layout":"default","site-content-layout":"","ast-site-content-layout":"default","site-content-style":"default","site-sidebar-style":"default","ast-global-header-display":"","ast-banner-title-visibility":"","ast-main-header-display":"","ast-hfb-above-header-display":"","ast-hfb-below-header-display":"","ast-hfb-mobile-header-display":"","site-post-title":"","ast-breadcrumbs-content":"","ast-featured-img":"","footer-sml-layout":"","theme-transparent-header-meta":"default","adv-header-id-meta":"","stick-header-meta":"","header-above-stick-meta":"","header-main-stick-meta":"","header-below-stick-meta":"","astra-migrate-meta-layouts":"set","ast-page-background-enabled":"default","ast-page-background-meta":{"desktop":{"background-color":"","background-image":"","background-repeat":"repeat","background-position":"center center","background-size":"auto","background-attachment":"scroll","background-type":"","background-media":"","overlay-type":"","overlay-color":"","overlay-opacity":"","overlay-gradient":""},"tablet":{"background-color":"","background-image":"","background-repeat":"repeat","background-position":"center center","background-size":"auto","background-attachment":"scroll","background-type":"","background-media":"","overlay-type":"","overlay-color":"","overlay-opacity":"","overlay-gradient":""},"mobile":{"background-color":"","background-image":"","background-repeat":"repeat","background-position":"center center","background-size":"auto","background-attachment":"scroll","background-type":"","background-media":"","overlay-type":"","overlay-color":"","overlay-opacity":"","overlay-gradient":""}},"ast-content-background-meta":{"desktop":{"background-color":"var(--ast-global-color-5)","background-image":"","background-repeat":"repeat","background-position":"center center","background-size":"auto","background-attachment":"scroll","background-type":"","background-media":"","overlay-type":"","overlay-color":"","overlay-opacity":"","overlay-gradient":""},"tablet":{"background-color":"var(--ast-global-color-5)","background-image":"","background-repeat":"repeat","background-position":"center center","background-size":"auto","background-attachment":"scroll","background-type":"","background-media":"","overlay-type":"","overlay-color":"","overlay-opacity":"","overlay-gradient":""},"mobile":{"background-color":"var(--ast-global-color-5)","background-image":"","background-repeat":"repeat","background-position":"center center","background-size":"auto","background-attachment":"scroll","background-type":"","background-media":"","overlay-type":"","overlay-color":"","overlay-opacity":"","overlay-gradient":""}}},"product_brand":[91],"product_cat":[47],"product_tag":[52],"class_list":{"0":"post-2860","1":"product","2":"type-product","3":"status-publish","4":"has-post-thumbnail","6":"product_brand-toorx","7":"product_cat-irklavimo-treniruokliai","8":"product_tag-irklavimo-treniruokliai","9":"pa_maksimalus-naudotojo-svoris-160-kg","10":"pa_prekes-zenklas-toorx","11":"desktop-align-left","12":"tablet-align-left","13":"mobile-align-left","15":"first","16":"instock","17":"shipping-taxable","18":"purchasable","19":"product-type-simple"},"yoast_head":"<!-- This site is optimized with the Yoast SEO plugin v27.2 - https:\/\/yoast.com\/product\/yoast-seo-wordpress\/ -->\n<title>Irklavimo treniruoklis TOORX ROWER COM - Livetos svetain\u0117<\/title>\n<meta name=\"robots\" content=\"noindex, follow, max-snippet:-1, max-image-preview:large, max-video-preview:-1\" \/>\n<meta property=\"og:locale\" content=\"en_US\" \/>\n<meta property=\"og:type\" content=\"article\" \/>\n<meta property=\"og:title\" content=\"Irklavimo treniruoklis TOORX ROWER COM - Livetos svetain\u0117\" \/>\n<meta property=\"og:description\" content=\"Toorx Rower Compact - tai paprastas, ta\u010diau efektyvus nam\u0173 irklavimo treniruoklis. Tvirtas plieninis r\u0117mas, hidraulin\u0117 irklavimo sistema bei tikslus kompiuteris. Treniruoklis turi sulankstymo galimyb\u0119, tod\u0117l jis neu\u017eima daug vietos.  K\u0117d\u0117 s\u0117dyn\u0117 slankiojanti ant aliuminini\u0173 b\u0117gi\u0173; Pedalai su dir\u017eeliais; Atitinka CE-ROHS-EN957 standartus\" \/>\n<meta property=\"og:url\" content=\"https:\/\/liveta.shop\/en\/product\/irklavimo-treniruoklis-toorx-rower-compact\/\" \/>\n<meta property=\"og:site_name\" content=\"Livetos svetain\u0117\" \/>\n<meta property=\"article:modified_time\" content=\"2025-11-27T09:14:12+00:00\" \/>\n<meta property=\"og:image\" content=\"https:\/\/liveta.shop\/wp-content\/uploads\/2025\/11\/ROWER-COMPACT-1.jpg\" \/>\n\t<meta property=\"og:image:width\" content=\"1000\" \/>\n\t<meta property=\"og:image:height\" content=\"1000\" \/>\n\t<meta property=\"og:image:type\" content=\"image\/jpeg\" \/>\n<meta name=\"twitter:card\" content=\"summary_large_image\" \/>\n<meta name=\"twitter:label1\" content=\"Est. reading time\" \/>\n\t<meta name=\"twitter:data1\" content=\"1 minute\" \/>\n<script type=\"application\/ld+json\" class=\"yoast-schema-graph\">{\"@context\":\"https:\/\/schema.org\",\"@graph\":[{\"@type\":\"WebPage\",\"@id\":\"https:\/\/liveta.shop\/produktas\/irklavimo-treniruoklis-toorx-rower-compact\/\",\"url\":\"https:\/\/liveta.shop\/produktas\/irklavimo-treniruoklis-toorx-rower-compact\/\",\"name\":\"Irklavimo treniruoklis TOORX ROWER COM - Livetos svetain\u0117\",\"isPartOf\":{\"@id\":\"https:\/\/liveta.shop\/#website\"},\"primaryImageOfPage\":{\"@id\":\"https:\/\/liveta.shop\/produktas\/irklavimo-treniruoklis-toorx-rower-compact\/#primaryimage\"},\"image\":{\"@id\":\"https:\/\/liveta.shop\/produktas\/irklavimo-treniruoklis-toorx-rower-compact\/#primaryimage\"},\"thumbnailUrl\":\"https:\/\/liveta.shop\/wp-content\/uploads\/2025\/11\/ROWER-COMPACT-1.jpg\",\"datePublished\":\"2025-11-18T09:10:17+00:00\",\"dateModified\":\"2025-11-27T09:14:12+00:00\",\"breadcrumb\":{\"@id\":\"https:\/\/liveta.shop\/produktas\/irklavimo-treniruoklis-toorx-rower-compact\/#breadcrumb\"},\"inLanguage\":\"en-US\",\"potentialAction\":[{\"@type\":\"ReadAction\",\"target\":[\"https:\/\/liveta.shop\/produktas\/irklavimo-treniruoklis-toorx-rower-compact\/\"]}]},{\"@type\":\"ImageObject\",\"inLanguage\":\"en-US\",\"@id\":\"https:\/\/liveta.shop\/produktas\/irklavimo-treniruoklis-toorx-rower-compact\/#primaryimage\",\"url\":\"https:\/\/liveta.shop\/wp-content\/uploads\/2025\/11\/ROWER-COMPACT-1.jpg\",\"contentUrl\":\"https:\/\/liveta.shop\/wp-content\/uploads\/2025\/11\/ROWER-COMPACT-1.jpg\",\"width\":1000,\"height\":1000,\"caption\":\"Irklavimo treniruoklis ROWER-COMPACT-1\"},{\"@type\":\"BreadcrumbList\",\"@id\":\"https:\/\/liveta.shop\/produktas\/irklavimo-treniruoklis-toorx-rower-compact\/#breadcrumb\",\"itemListElement\":[{\"@type\":\"ListItem\",\"position\":1,\"name\":\"Home\",\"item\":\"https:\/\/liveta.shop\/\"},{\"@type\":\"ListItem\",\"position\":2,\"name\":\"Parduotuv\u0117\",\"item\":\"https:\/\/liveta.shop\/sporto-treniruokliu-parduotuve\/\"},{\"@type\":\"ListItem\",\"position\":3,\"name\":\"Irklavimo treniruoklis TOORX ROWER COM\"}]},{\"@type\":\"WebSite\",\"@id\":\"https:\/\/liveta.shop\/#website\",\"url\":\"https:\/\/liveta.shop\/\",\"name\":\"Livetos svetaine\",\"description\":\"Sporto treniruokli\u0173 parduotuv\u0117\",\"publisher\":{\"@id\":\"https:\/\/liveta.shop\/#organization\"},\"potentialAction\":[{\"@type\":\"SearchAction\",\"target\":{\"@type\":\"EntryPoint\",\"urlTemplate\":\"https:\/\/liveta.shop\/?s={search_term_string}\"},\"query-input\":{\"@type\":\"PropertyValueSpecification\",\"valueRequired\":true,\"valueName\":\"search_term_string\"}}],\"inLanguage\":\"en-US\"},{\"@type\":\"Organization\",\"@id\":\"https:\/\/liveta.shop\/#organization\",\"name\":\"Livetos svetaine\",\"url\":\"https:\/\/liveta.shop\/\",\"logo\":{\"@type\":\"ImageObject\",\"inLanguage\":\"en-US\",\"@id\":\"https:\/\/liveta.shop\/#\/schema\/logo\/image\/\",\"url\":\"https:\/\/liveta.shop\/wp-content\/uploads\/2025\/11\/cropped-Sportex-Favicon-2.png\",\"contentUrl\":\"https:\/\/liveta.shop\/wp-content\/uploads\/2025\/11\/cropped-Sportex-Favicon-2.png\",\"width\":999,\"height\":999,\"caption\":\"Livetos svetaine\"},\"image\":{\"@id\":\"https:\/\/liveta.shop\/#\/schema\/logo\/image\/\"}}]}<\/script>\n<!-- \/ Yoast SEO plugin. -->","yoast_head_json":{"title":"Irklavimo treniruoklis TOORX ROWER COM - Livetos svetain\u0117","robots":{"index":"noindex","follow":"follow","max-snippet":"max-snippet:-1","max-image-preview":"max-image-preview:large","max-video-preview":"max-video-preview:-1"},"og_locale":"en_US","og_type":"article","og_title":"Irklavimo treniruoklis TOORX ROWER COM - Livetos svetain\u0117","og_description":"Toorx Rower Compact - tai paprastas, ta\u010diau efektyvus nam\u0173 irklavimo treniruoklis. Tvirtas plieninis r\u0117mas, hidraulin\u0117 irklavimo sistema bei tikslus kompiuteris. Treniruoklis turi sulankstymo galimyb\u0119, tod\u0117l jis neu\u017eima daug vietos.  K\u0117d\u0117 s\u0117dyn\u0117 slankiojanti ant aliuminini\u0173 b\u0117gi\u0173; Pedalai su dir\u017eeliais; Atitinka CE-ROHS-EN957 standartus","og_url":"https:\/\/liveta.shop\/en\/product\/irklavimo-treniruoklis-toorx-rower-compact\/","og_site_name":"Livetos svetain\u0117","article_modified_time":"2025-11-27T09:14:12+00:00","og_image":[{"width":1000,"height":1000,"url":"https:\/\/liveta.shop\/wp-content\/uploads\/2025\/11\/ROWER-COMPACT-1.jpg","type":"image\/jpeg"}],"twitter_card":"summary_large_image","twitter_misc":{"Est. reading time":"1 minute"},"schema":{"@context":"https:\/\/schema.org","@graph":[{"@type":"WebPage","@id":"https:\/\/liveta.shop\/produktas\/irklavimo-treniruoklis-toorx-rower-compact\/","url":"https:\/\/liveta.shop\/produktas\/irklavimo-treniruoklis-toorx-rower-compact\/","name":"Irklavimo treniruoklis TOORX ROWER COM - Livetos svetain\u0117","isPartOf":{"@id":"https:\/\/liveta.shop\/#website"},"primaryImageOfPage":{"@id":"https:\/\/liveta.shop\/produktas\/irklavimo-treniruoklis-toorx-rower-compact\/#primaryimage"},"image":{"@id":"https:\/\/liveta.shop\/produktas\/irklavimo-treniruoklis-toorx-rower-compact\/#primaryimage"},"thumbnailUrl":"https:\/\/liveta.shop\/wp-content\/uploads\/2025\/11\/ROWER-COMPACT-1.jpg","datePublished":"2025-11-18T09:10:17+00:00","dateModified":"2025-11-27T09:14:12+00:00","breadcrumb":{"@id":"https:\/\/liveta.shop\/produktas\/irklavimo-treniruoklis-toorx-rower-compact\/#breadcrumb"},"inLanguage":"en-US","potentialAction":[{"@type":"ReadAction","target":["https:\/\/liveta.shop\/produktas\/irklavimo-treniruoklis-toorx-rower-compact\/"]}]},{"@type":"ImageObject","inLanguage":"en-US","@id":"https:\/\/liveta.shop\/produktas\/irklavimo-treniruoklis-toorx-rower-compact\/#primaryimage","url":"https:\/\/liveta.shop\/wp-content\/uploads\/2025\/11\/ROWER-COMPACT-1.jpg","contentUrl":"https:\/\/liveta.shop\/wp-content\/uploads\/2025\/11\/ROWER-COMPACT-1.jpg","width":1000,"height":1000,"caption":"Irklavimo treniruoklis ROWER-COMPACT-1"},{"@type":"BreadcrumbList","@id":"https:\/\/liveta.shop\/produktas\/irklavimo-treniruoklis-toorx-rower-compact\/#breadcrumb","itemListElement":[{"@type":"ListItem","position":1,"name":"Home","item":"https:\/\/liveta.shop\/"},{"@type":"ListItem","position":2,"name":"Parduotuv\u0117","item":"https:\/\/liveta.shop\/sporto-treniruokliu-parduotuve\/"},{"@type":"ListItem","position":3,"name":"Irklavimo treniruoklis TOORX ROWER COM"}]},{"@type":"WebSite","@id":"https:\/\/liveta.shop\/#website","url":"https:\/\/liveta.shop\/","name":"Livetos svetaine","description":"Sporto treniruokli\u0173 parduotuv\u0117","publisher":{"@id":"https:\/\/liveta.shop\/#organization"},"potentialAction":[{"@type":"SearchAction","target":{"@type":"EntryPoint","urlTemplate":"https:\/\/liveta.shop\/?s={search_term_string}"},"query-input":{"@type":"PropertyValueSpecification","valueRequired":true,"valueName":"search_term_string"}}],"inLanguage":"en-US"},{"@type":"Organization","@id":"https:\/\/liveta.shop\/#organization","name":"Livetos svetaine","url":"https:\/\/liveta.shop\/","logo":{"@type":"ImageObject","inLanguage":"en-US","@id":"https:\/\/liveta.shop\/#\/schema\/logo\/image\/","url":"https:\/\/liveta.shop\/wp-content\/uploads\/2025\/11\/cropped-Sportex-Favicon-2.png","contentUrl":"https:\/\/liveta.shop\/wp-content\/uploads\/2025\/11\/cropped-Sportex-Favicon-2.png","width":999,"height":999,"caption":"Livetos svetaine"},"image":{"@id":"https:\/\/liveta.shop\/#\/schema\/logo\/image\/"}}]}},"_links":{"self":[{"href":"https:\/\/liveta.shop\/en\/wp-json\/wp\/v2\/product\/2860","targetHints":{"allow":["GET"]}}],"collection":[{"href":"https:\/\/liveta.shop\/en\/wp-json\/wp\/v2\/product"}],"about":[{"href":"https:\/\/liveta.shop\/en\/wp-json\/wp\/v2\/types\/product"}],"wp:featuredmedia":[{"embeddable":true,"href":"https:\/\/liveta.shop\/en\/wp-json\/wp\/v2\/media\/2861"}],"wp:attachment":[{"href":"https:\/\/liveta.shop\/en\/wp-json\/wp\/v2\/media?parent=2860"}],"wp:term":[{"taxonomy":"product_brand","embeddable":true,"href":"https:\/\/liveta.shop\/en\/wp-json\/wp\/v2\/product_brand?post=2860"},{"taxonomy":"product_cat","embeddable":true,"href":"https:\/\/liveta.shop\/en\/wp-json\/wp\/v2\/product_cat?post=2860"},{"taxonomy":"product_tag","embeddable":true,"href":"https:\/\/liveta.shop\/en\/wp-json\/wp\/v2\/product_tag?post=2860"}],"curies":[{"name":"wp","href":"https:\/\/api.w.org\/{rel}","templated":true}]}}