{"id":2811,"date":"2025-11-18T08:55:23","date_gmt":"2025-11-18T08:55:23","guid":{"rendered":"https:\/\/liveta.shop\/?post_type=product&#038;p=2811"},"modified":"2025-11-20T08:54:07","modified_gmt":"2025-11-20T08:54:07","slug":"dviratis-treniruoklis-nordictrack-r35","status":"publish","type":"product","link":"https:\/\/liveta.shop\/en\/product\/dviratis-treniruoklis-nordictrack-r35\/","title":{"rendered":"Dviratis Treniruoklis NORDICTRACK R35"},"content":{"rendered":"<p><span data-sheets-root=\"1\">Nordic Track &#8211; daugiau nei 25 metus klestintis ir tobul\u0117jantis prekinis \u017eenklas i\u0161 u\u017e Atlanto, kurio gaminami b\u0117gimo takeliai, elipsiniai treniruokliai ir dvira\u010diai treniruokliai, pasi\u017eymi auk\u0161\u010diausia kokybe ir i\u0161skirtiniu dizainu. Jungtin\u0117se Amerikos Valstijose net 50 % b\u0117gimo takeli\u0173 yra parduodama b\u016btent NordicTrack, o juos rekomenduoja net populiariausi fizinio parengimo treneriai i\u0161 JAV!<\/span><\/p>","protected":false},"excerpt":{"rendered":"<p><span data-sheets-root=\"1\">14 coli\u0173 spalvotas jutiminis ekranas<br \/>\n26 pasiprie\u0161inimo lygiai (Digital QuickResistance\u00ae)<br \/>\nHorizontalus s\u0117dyn\u0117s reguliavimas<br \/>\nMaksimalus vartotojo svoris: 160 kg<br \/>\nVentiliatorius, 2 coli\u0173 Bluetooth\u00ae garsiakalbiai<br \/>\nTransportavimo ratukai<br \/>\nRankiniu b\u016bdu reguliuojamas magnetinis stabdys<\/span><\/p>","protected":false},"featured_media":2816,"template":"","meta":{"site-sidebar-layout":"default","site-content-layout":"","ast-site-content-layout":"default","site-content-style":"default","site-sidebar-style":"default","ast-global-header-display":"","ast-banner-title-visibility":"","ast-main-header-display":"","ast-hfb-above-header-display":"","ast-hfb-below-header-display":"","ast-hfb-mobile-header-display":"","site-post-title":"","ast-breadcrumbs-content":"","ast-featured-img":"","footer-sml-layout":"","theme-transparent-header-meta":"default","adv-header-id-meta":"","stick-header-meta":"","header-above-stick-meta":"","header-main-stick-meta":"","header-below-stick-meta":"","astra-migrate-meta-layouts":"set","ast-page-background-enabled":"default","ast-page-background-meta":{"desktop":{"background-color":"","background-image":"","background-repeat":"repeat","background-position":"center center","background-size":"auto","background-attachment":"scroll","background-type":"","background-media":"","overlay-type":"","overlay-color":"","overlay-opacity":"","overlay-gradient":""},"tablet":{"background-color":"","background-image":"","background-repeat":"repeat","background-position":"center center","background-size":"auto","background-attachment":"scroll","background-type":"","background-media":"","overlay-type":"","overlay-color":"","overlay-opacity":"","overlay-gradient":""},"mobile":{"background-color":"","background-image":"","background-repeat":"repeat","background-position":"center center","background-size":"auto","background-attachment":"scroll","background-type":"","background-media":"","overlay-type":"","overlay-color":"","overlay-opacity":"","overlay-gradient":""}},"ast-content-background-meta":{"desktop":{"background-color":"var(--ast-global-color-5)","background-image":"","background-repeat":"repeat","background-position":"center center","background-size":"auto","background-attachment":"scroll","background-type":"","background-media":"","overlay-type":"","overlay-color":"","overlay-opacity":"","overlay-gradient":""},"tablet":{"background-color":"var(--ast-global-color-5)","background-image":"","background-repeat":"repeat","background-position":"center center","background-size":"auto","background-attachment":"scroll","background-type":"","background-media":"","overlay-type":"","overlay-color":"","overlay-opacity":"","overlay-gradient":""},"mobile":{"background-color":"var(--ast-global-color-5)","background-image":"","background-repeat":"repeat","background-position":"center center","background-size":"auto","background-attachment":"scroll","background-type":"","background-media":"","overlay-type":"","overlay-color":"","overlay-opacity":"","overlay-gradient":""}}},"product_brand":[90],"product_cat":[44],"product_tag":[49],"class_list":{"0":"post-2811","1":"product","2":"type-product","3":"status-publish","4":"has-post-thumbnail","6":"product_brand-nordicktrack","7":"product_cat-dviraciai-treniruokliai","8":"product_tag-dviraciai-treniruokliai","9":"pa_devimoji-apranga-nera","10":"pa_ekranas-hd-touch","11":"pa_maksimalus-naudotojo-svoris-160-kg","12":"pa_prekes-zenklas-nordictrack","13":"pa_programele-yra","14":"pa_pulso-matavimas-yra","15":"pa_transportavimo-ratukai-yra","16":"desktop-align-left","17":"tablet-align-left","18":"mobile-align-left","20":"first","21":"instock","22":"shipping-taxable","23":"purchasable","24":"product-type-simple"},"yoast_head":"<!-- This site is optimized with the Yoast SEO plugin v27.2 - https:\/\/yoast.com\/product\/yoast-seo-wordpress\/ -->\n<title>Dviratis Treniruoklis NORDICTRACK R35 - Livetos svetain\u0117<\/title>\n<meta name=\"robots\" content=\"noindex, follow, max-snippet:-1, max-image-preview:large, max-video-preview:-1\" \/>\n<meta property=\"og:locale\" content=\"en_US\" \/>\n<meta property=\"og:type\" content=\"article\" \/>\n<meta property=\"og:title\" content=\"Dviratis Treniruoklis NORDICTRACK R35 - Livetos svetain\u0117\" \/>\n<meta property=\"og:description\" content=\"14 coli\u0173 spalvotas jutiminis ekranas 26 pasiprie\u0161inimo lygiai (Digital QuickResistance\u00ae) Horizontalus s\u0117dyn\u0117s reguliavimas Maksimalus vartotojo svoris: 160 kg Ventiliatorius, 2 coli\u0173 Bluetooth\u00ae garsiakalbiai Transportavimo ratukai Rankiniu b\u016bdu reguliuojamas magnetinis stabdys\" \/>\n<meta property=\"og:url\" content=\"https:\/\/liveta.shop\/en\/product\/dviratis-treniruoklis-nordictrack-r35\/\" \/>\n<meta property=\"og:site_name\" content=\"Livetos svetain\u0117\" \/>\n<meta property=\"article:modified_time\" content=\"2025-11-20T08:54:07+00:00\" \/>\n<meta property=\"og:image\" content=\"https:\/\/liveta.shop\/wp-content\/uploads\/2025\/11\/r35-1.jpg\" \/>\n\t<meta property=\"og:image:width\" content=\"1000\" \/>\n\t<meta property=\"og:image:height\" content=\"1000\" \/>\n\t<meta property=\"og:image:type\" content=\"image\/jpeg\" \/>\n<meta name=\"twitter:card\" content=\"summary_large_image\" \/>\n<script type=\"application\/ld+json\" class=\"yoast-schema-graph\">{\"@context\":\"https:\/\/schema.org\",\"@graph\":[{\"@type\":\"WebPage\",\"@id\":\"https:\/\/liveta.shop\/produktas\/dviratis-treniruoklis-nordictrack-r35\/\",\"url\":\"https:\/\/liveta.shop\/produktas\/dviratis-treniruoklis-nordictrack-r35\/\",\"name\":\"Dviratis Treniruoklis NORDICTRACK R35 - Livetos svetain\u0117\",\"isPartOf\":{\"@id\":\"https:\/\/liveta.shop\/#website\"},\"primaryImageOfPage\":{\"@id\":\"https:\/\/liveta.shop\/produktas\/dviratis-treniruoklis-nordictrack-r35\/#primaryimage\"},\"image\":{\"@id\":\"https:\/\/liveta.shop\/produktas\/dviratis-treniruoklis-nordictrack-r35\/#primaryimage\"},\"thumbnailUrl\":\"https:\/\/liveta.shop\/wp-content\/uploads\/2025\/11\/r35-1.jpg\",\"datePublished\":\"2025-11-18T08:55:23+00:00\",\"dateModified\":\"2025-11-20T08:54:07+00:00\",\"breadcrumb\":{\"@id\":\"https:\/\/liveta.shop\/produktas\/dviratis-treniruoklis-nordictrack-r35\/#breadcrumb\"},\"inLanguage\":\"en-US\",\"potentialAction\":[{\"@type\":\"ReadAction\",\"target\":[\"https:\/\/liveta.shop\/produktas\/dviratis-treniruoklis-nordictrack-r35\/\"]}]},{\"@type\":\"ImageObject\",\"inLanguage\":\"en-US\",\"@id\":\"https:\/\/liveta.shop\/produktas\/dviratis-treniruoklis-nordictrack-r35\/#primaryimage\",\"url\":\"https:\/\/liveta.shop\/wp-content\/uploads\/2025\/11\/r35-1.jpg\",\"contentUrl\":\"https:\/\/liveta.shop\/wp-content\/uploads\/2025\/11\/r35-1.jpg\",\"width\":1000,\"height\":1000,\"caption\":\"Dviratis treniruoklis r35-1\"},{\"@type\":\"BreadcrumbList\",\"@id\":\"https:\/\/liveta.shop\/produktas\/dviratis-treniruoklis-nordictrack-r35\/#breadcrumb\",\"itemListElement\":[{\"@type\":\"ListItem\",\"position\":1,\"name\":\"Home\",\"item\":\"https:\/\/liveta.shop\/\"},{\"@type\":\"ListItem\",\"position\":2,\"name\":\"Parduotuv\u0117\",\"item\":\"https:\/\/liveta.shop\/sporto-treniruokliu-parduotuve\/\"},{\"@type\":\"ListItem\",\"position\":3,\"name\":\"Dviratis Treniruoklis NORDICTRACK R35\"}]},{\"@type\":\"WebSite\",\"@id\":\"https:\/\/liveta.shop\/#website\",\"url\":\"https:\/\/liveta.shop\/\",\"name\":\"Livetos svetaine\",\"description\":\"Sporto treniruokli\u0173 parduotuv\u0117\",\"publisher\":{\"@id\":\"https:\/\/liveta.shop\/#organization\"},\"potentialAction\":[{\"@type\":\"SearchAction\",\"target\":{\"@type\":\"EntryPoint\",\"urlTemplate\":\"https:\/\/liveta.shop\/?s={search_term_string}\"},\"query-input\":{\"@type\":\"PropertyValueSpecification\",\"valueRequired\":true,\"valueName\":\"search_term_string\"}}],\"inLanguage\":\"en-US\"},{\"@type\":\"Organization\",\"@id\":\"https:\/\/liveta.shop\/#organization\",\"name\":\"Livetos svetaine\",\"url\":\"https:\/\/liveta.shop\/\",\"logo\":{\"@type\":\"ImageObject\",\"inLanguage\":\"en-US\",\"@id\":\"https:\/\/liveta.shop\/#\/schema\/logo\/image\/\",\"url\":\"https:\/\/liveta.shop\/wp-content\/uploads\/2025\/11\/cropped-Sportex-Favicon-2.png\",\"contentUrl\":\"https:\/\/liveta.shop\/wp-content\/uploads\/2025\/11\/cropped-Sportex-Favicon-2.png\",\"width\":999,\"height\":999,\"caption\":\"Livetos svetaine\"},\"image\":{\"@id\":\"https:\/\/liveta.shop\/#\/schema\/logo\/image\/\"}}]}<\/script>\n<!-- \/ Yoast SEO plugin. -->","yoast_head_json":{"title":"Dviratis Treniruoklis NORDICTRACK R35 - Livetos svetain\u0117","robots":{"index":"noindex","follow":"follow","max-snippet":"max-snippet:-1","max-image-preview":"max-image-preview:large","max-video-preview":"max-video-preview:-1"},"og_locale":"en_US","og_type":"article","og_title":"Dviratis Treniruoklis NORDICTRACK R35 - Livetos svetain\u0117","og_description":"14 coli\u0173 spalvotas jutiminis ekranas 26 pasiprie\u0161inimo lygiai (Digital QuickResistance\u00ae) Horizontalus s\u0117dyn\u0117s reguliavimas Maksimalus vartotojo svoris: 160 kg Ventiliatorius, 2 coli\u0173 Bluetooth\u00ae garsiakalbiai Transportavimo ratukai Rankiniu b\u016bdu reguliuojamas magnetinis stabdys","og_url":"https:\/\/liveta.shop\/en\/product\/dviratis-treniruoklis-nordictrack-r35\/","og_site_name":"Livetos svetain\u0117","article_modified_time":"2025-11-20T08:54:07+00:00","og_image":[{"width":1000,"height":1000,"url":"https:\/\/liveta.shop\/wp-content\/uploads\/2025\/11\/r35-1.jpg","type":"image\/jpeg"}],"twitter_card":"summary_large_image","schema":{"@context":"https:\/\/schema.org","@graph":[{"@type":"WebPage","@id":"https:\/\/liveta.shop\/produktas\/dviratis-treniruoklis-nordictrack-r35\/","url":"https:\/\/liveta.shop\/produktas\/dviratis-treniruoklis-nordictrack-r35\/","name":"Dviratis Treniruoklis NORDICTRACK R35 - Livetos svetain\u0117","isPartOf":{"@id":"https:\/\/liveta.shop\/#website"},"primaryImageOfPage":{"@id":"https:\/\/liveta.shop\/produktas\/dviratis-treniruoklis-nordictrack-r35\/#primaryimage"},"image":{"@id":"https:\/\/liveta.shop\/produktas\/dviratis-treniruoklis-nordictrack-r35\/#primaryimage"},"thumbnailUrl":"https:\/\/liveta.shop\/wp-content\/uploads\/2025\/11\/r35-1.jpg","datePublished":"2025-11-18T08:55:23+00:00","dateModified":"2025-11-20T08:54:07+00:00","breadcrumb":{"@id":"https:\/\/liveta.shop\/produktas\/dviratis-treniruoklis-nordictrack-r35\/#breadcrumb"},"inLanguage":"en-US","potentialAction":[{"@type":"ReadAction","target":["https:\/\/liveta.shop\/produktas\/dviratis-treniruoklis-nordictrack-r35\/"]}]},{"@type":"ImageObject","inLanguage":"en-US","@id":"https:\/\/liveta.shop\/produktas\/dviratis-treniruoklis-nordictrack-r35\/#primaryimage","url":"https:\/\/liveta.shop\/wp-content\/uploads\/2025\/11\/r35-1.jpg","contentUrl":"https:\/\/liveta.shop\/wp-content\/uploads\/2025\/11\/r35-1.jpg","width":1000,"height":1000,"caption":"Dviratis treniruoklis r35-1"},{"@type":"BreadcrumbList","@id":"https:\/\/liveta.shop\/produktas\/dviratis-treniruoklis-nordictrack-r35\/#breadcrumb","itemListElement":[{"@type":"ListItem","position":1,"name":"Home","item":"https:\/\/liveta.shop\/"},{"@type":"ListItem","position":2,"name":"Parduotuv\u0117","item":"https:\/\/liveta.shop\/sporto-treniruokliu-parduotuve\/"},{"@type":"ListItem","position":3,"name":"Dviratis Treniruoklis NORDICTRACK R35"}]},{"@type":"WebSite","@id":"https:\/\/liveta.shop\/#website","url":"https:\/\/liveta.shop\/","name":"Livetos svetaine","description":"Sporto treniruokli\u0173 parduotuv\u0117","publisher":{"@id":"https:\/\/liveta.shop\/#organization"},"potentialAction":[{"@type":"SearchAction","target":{"@type":"EntryPoint","urlTemplate":"https:\/\/liveta.shop\/?s={search_term_string}"},"query-input":{"@type":"PropertyValueSpecification","valueRequired":true,"valueName":"search_term_string"}}],"inLanguage":"en-US"},{"@type":"Organization","@id":"https:\/\/liveta.shop\/#organization","name":"Livetos svetaine","url":"https:\/\/liveta.shop\/","logo":{"@type":"ImageObject","inLanguage":"en-US","@id":"https:\/\/liveta.shop\/#\/schema\/logo\/image\/","url":"https:\/\/liveta.shop\/wp-content\/uploads\/2025\/11\/cropped-Sportex-Favicon-2.png","contentUrl":"https:\/\/liveta.shop\/wp-content\/uploads\/2025\/11\/cropped-Sportex-Favicon-2.png","width":999,"height":999,"caption":"Livetos svetaine"},"image":{"@id":"https:\/\/liveta.shop\/#\/schema\/logo\/image\/"}}]}},"_links":{"self":[{"href":"https:\/\/liveta.shop\/en\/wp-json\/wp\/v2\/product\/2811","targetHints":{"allow":["GET"]}}],"collection":[{"href":"https:\/\/liveta.shop\/en\/wp-json\/wp\/v2\/product"}],"about":[{"href":"https:\/\/liveta.shop\/en\/wp-json\/wp\/v2\/types\/product"}],"wp:featuredmedia":[{"embeddable":true,"href":"https:\/\/liveta.shop\/en\/wp-json\/wp\/v2\/media\/2816"}],"wp:attachment":[{"href":"https:\/\/liveta.shop\/en\/wp-json\/wp\/v2\/media?parent=2811"}],"wp:term":[{"taxonomy":"product_brand","embeddable":true,"href":"https:\/\/liveta.shop\/en\/wp-json\/wp\/v2\/product_brand?post=2811"},{"taxonomy":"product_cat","embeddable":true,"href":"https:\/\/liveta.shop\/en\/wp-json\/wp\/v2\/product_cat?post=2811"},{"taxonomy":"product_tag","embeddable":true,"href":"https:\/\/liveta.shop\/en\/wp-json\/wp\/v2\/product_tag?post=2811"}],"curies":[{"name":"wp","href":"https:\/\/api.w.org\/{rel}","templated":true}]}}