{"id":3,"date":"2025-11-08T18:43:50","date_gmt":"2025-11-08T18:43:50","guid":{"rendered":"https:\/\/liveta.shop\/?page_id=3"},"modified":"2025-12-13T14:56:14","modified_gmt":"2025-12-13T14:56:14","slug":"privatumo-politika","status":"publish","type":"page","link":"https:\/\/liveta.shop\/en\/privatumo-politika\/","title":{"rendered":"Privatumo politika"},"content":{"rendered":"\t\t<div data-elementor-type=\"wp-page\" data-elementor-id=\"3\" class=\"elementor elementor-3\" data-elementor-post-type=\"page\">\n\t\t\t\t<div class=\"elementor-element elementor-element-71a92c2 e-flex e-con-boxed e-con e-parent\" data-id=\"71a92c2\" data-element_type=\"container\" data-e-type=\"container\">\n\t\t\t\t\t<div class=\"e-con-inner\">\n\t\t\t\t<div class=\"elementor-element elementor-element-5734349 elementor-widget elementor-widget-heading\" data-id=\"5734349\" data-element_type=\"widget\" data-e-type=\"widget\" data-widget_type=\"heading.default\">\n\t\t\t\t<div class=\"elementor-widget-container\">\n\t\t\t\t\t<h1 class=\"elementor-heading-title elementor-size-default\">Privatumo politika<\/h1>\t\t\t\t<\/div>\n\t\t\t\t<\/div>\n\t\t\t\t<div class=\"elementor-element elementor-element-cfd350d elementor-widget-divider--view-line elementor-widget elementor-widget-divider\" data-id=\"cfd350d\" data-element_type=\"widget\" data-e-type=\"widget\" data-widget_type=\"divider.default\">\n\t\t\t\t<div class=\"elementor-widget-container\">\n\t\t\t\t\t\t\t<div class=\"elementor-divider\">\n\t\t\t<span class=\"elementor-divider-separator\">\n\t\t\t\t\t\t<\/span>\n\t\t<\/div>\n\t\t\t\t\t\t<\/div>\n\t\t\t\t<\/div>\n\t\t\t\t\t<\/div>\n\t\t\t\t<\/div>\n\t\t<div class=\"elementor-element elementor-element-77e81c5 e-flex e-con-boxed e-con e-parent\" data-id=\"77e81c5\" data-element_type=\"container\" data-e-type=\"container\">\n\t\t\t\t\t<div class=\"e-con-inner\">\n\t\t\t\t<div class=\"elementor-element elementor-element-6043c35e elementor-widget elementor-widget-text-editor\" data-id=\"6043c35e\" data-element_type=\"widget\" data-e-type=\"widget\" data-widget_type=\"text-editor.default\">\n\t\t\t\t<div class=\"elementor-widget-container\">\n\t\t\t\t\t\t\t\t\t\n<h3 class=\"wp-block-heading\"><strong>1. \u012evadas<\/strong><\/h3>\n\n<p>\u0160i privatumo politika apra\u0161o, kaip UAB &#8222;Sportuok&#8221; (toliau \u2013 \u201emes\u201c, \u201em\u016bs\u0173\u201c) renka, naudoja ir saugo asmens duomenis, kai lankot\u0117s m\u016bs\u0173 elektronin\u0117je parduotuv\u0117je [<a href=\"https:\/\/liveta.shop\/\" target=\"_blank\" rel=\"noreferrer noopener\">https:\/\/livetaar.raganosis.eu<\/a>] (toliau \u2013 \u201eSvetain\u0117\u201c) ir naudojat\u0117s m\u016bs\u0173 paslaugomis.<\/p>\n\n<p>M\u016bs\u0173 tikslas yra apsaugoti j\u016bs\u0173 privatum\u0105 ir u\u017etikrinti, kad j\u016bs\u0173 asmens duomenys b\u016bt\u0173 tvarkomi skaidriai, s\u0105\u017einingai ir teis\u0117tai, laikantis 2016 m. baland\u017eio 27 d. Europos Parlamento ir Tarybos reglamento (ES) 2016\/679 d\u0117l fizini\u0173 asmen\u0173 apsaugos tvarkant asmens duomenis ir d\u0117l laisvo toki\u0173 duomen\u0173 jud\u0117jimo (toliau \u2013 BDAR).<\/p>\n\n<h3 class=\"wp-block-heading\"><strong>2. Duomen\u0173 Valdytojas<\/strong><\/h3>\n\n<p><strong>Pardav\u0117jas \/ Duomen\u0173 Valdytojas:<\/strong><\/p>\n\n<ul class=\"wp-block-list\">\n<li><strong>\u012emon\u0117s\/Asmens pavadinimas:<\/strong> UAB Sportuok<\/li>\n\n<li><strong>Adresas:<\/strong> Savanori\u0173 g. 1, Kaunas<\/li>\n\n<li><strong>El. pa\u0161tas:<\/strong> info@info.lt<\/li>\n\n<li><strong>Telefono numeris:<\/strong> +370 600 00 000<\/li>\n<\/ul>\n\n<h3 class=\"wp-block-heading\"><strong>3. Renkami Asmens Duomenys<\/strong><\/h3>\n\n<p>Renkame duomenis tiesiogiai i\u0161 j\u016bs\u0173, kai pateikiate u\u017esakym\u0105, u\u017esiprenumeruojate naujienlai\u0161k\u012f, susisiekiate su mumis ar kitaip naudojat\u0117s Svetaine.<\/p>\n\n<p><strong>3.1. Duomenys, reikalingi u\u017esakymui ir paslaug\u0173 teikimui (Sutarties vykdymas):<\/strong><\/p>\n\n<ul class=\"wp-block-list\">\n<li><strong>Identifikacin\u0117 informacija:<\/strong> Vardas, pavard\u0117.<\/li>\n\n<li><strong>Kontaktin\u0117 informacija:<\/strong> El. pa\u0161tas, telefono numeris.<\/li>\n\n<li><strong>Pristatymo informacija:<\/strong> Adresas, miestas, pa\u0161to kodas, valstyb\u0117.<\/li>\n\n<li><strong>U\u017esakymo informacija:<\/strong> Pirkimo istorija, \u012fsigytos prek\u0117s.<\/li>\n<\/ul>\n\n<p><strong>3.2. Duomenys, renkami j\u016bs\u0173 sutikimu (Rinkodara):<\/strong><\/p>\n\n<ul class=\"wp-block-list\">\n<li><strong>Naujienlai\u0161kio duomenys:<\/strong> El. pa\u0161to adresas (naudojamas tik si\u0173sti naujienas, akcijas ir specialius pasi\u016blymus, jei sutikote).<\/li>\n<\/ul>\n\n<p><strong>3.3. Automati\u0161kai renkami duomenys (Teis\u0117tas interesas \/ Sutikimas):<\/strong><\/p>\n\n<ul class=\"wp-block-list\">\n<li><strong>Techniniai duomenys:<\/strong> IP adresas, prisijungimo data ir laikas, nar\u0161ykl\u0117s tipas ir versija, operacin\u0117 sistema.<\/li>\n\n<li><strong>Nar\u0161ymo duomenys:<\/strong> Informacija apie tai, kaip naudojat\u0117s Svetaine (pvz., per\u017ei\u016br\u0117ti produktai, laikas, praleistas Svetain\u0117je). \u0160ie duomenys renkami per slapukus (\u017er. 8 skyri\u0173).<\/li>\n<\/ul>\n\n<h3 class=\"wp-block-heading\"><strong>4. Duomen\u0173 Tvarkymo Tikslai ir Teisinis Pagrindas<\/strong><\/h3>\n\n<figure class=\"wp-block-table\">\n<table class=\"has-fixed-layout\">\n<thead>\n<tr>\n<td><strong>Duomen\u0173 tvarkymo tikslas<\/strong><\/td>\n<td><strong>Renkami duomenys<\/strong><\/td>\n<td><strong>Teisinis pagrindas pagal BDAR<\/strong><\/td>\n<\/tr>\n<\/thead>\n<tbody>\n<tr>\n<td><strong>U\u017esakym\u0173 vykdymas<\/strong> (Preki\u0173 pardavimas ir pristatymas)<\/td>\n<td>3.1 punkte nurodyti duomenys<\/td>\n<td><strong>Sutarties vykdymas<\/strong> (BDAR 6 str. 1 d. b p.)<\/td>\n<\/tr>\n<tr>\n<td><strong>Klient\u0173 aptarnavimas<\/strong> (Atsakymas \u012f u\u017eklausas, pretenzijos)<\/td>\n<td>3.1 punkte nurodyti duomenys ir susira\u0161in\u0117jimo informacija<\/td>\n<td><strong>Teis\u0117tas interesas<\/strong> (BDAR 6 str. 1 d. f p.) arba <strong>Sutarties vykdymas<\/strong><\/td>\n<\/tr>\n<tr>\n<td><strong>Tiesiogin\u0117 rinkodara<\/strong> (Naujienlai\u0161kiai)<\/td>\n<td>3.2 punkte nurodyti duomenys<\/td>\n<td><strong>Sutikimas<\/strong> (BDAR 6 str. 1 d. a p.)<\/td>\n<\/tr>\n<tr>\n<td><strong>Svetain\u0117s veikimo analiz\u0117 ir tobulinimas<\/strong><\/td>\n<td>3.3 punkte nurodyti duomenys<\/td>\n<td><strong>Teis\u0117tas interesas<\/strong> (BDAR 6 str. 1 d. f p.)<\/td>\n<\/tr>\n<tr>\n<td><strong>Teisini\u0173 pareig\u0173 vykdymas<\/strong> (Buhalterin\u0117 apskaita, mokes\u010diai)<\/td>\n<td>Reikalingi duomenys s\u0105skaitoms i\u0161ra\u0161yti<\/td>\n<td><strong>Teisin\u0117s prievol\u0117s vykdymas<\/strong> (BDAR 6 str. 1 d. c p.)<\/td>\n<\/tr>\n<\/tbody>\n<\/table>\n<\/figure>\n\n<h3 class=\"wp-block-heading\"><strong>5. Duomen\u0173 Perdavimas Tre\u010diosioms \u0160alims<\/strong><\/h3>\n\n<p>Mes j\u016bs\u0173 asmens duomenis perduodame tik b\u016btinais atvejais ir tik tiems tretiesiems asmenims, kurie padeda mums vykdyti savo veikl\u0105 ir teikti paslaugas:<\/p>\n\n<ul class=\"wp-block-list\">\n<li><strong>Pristatymo paslaug\u0173 teik\u0117jai:<\/strong> (pvz., Lietuvos pa\u0161tas, kurjeri\u0173 tarnybos) \u2013 perdavimas reikalingas j\u016bs\u0173 u\u017esakytoms prek\u0117ms pristatyti.<\/li>\n\n<li><strong>Mok\u0117jimo paslaug\u0173 teik\u0117jai:<\/strong> (pvz., bankai, \u201ePaysera\u201c, \u201eStripe\u201c ar kiti) \u2013 perdavimas reikalingas j\u016bs\u0173 mok\u0117jimams apdoroti.<\/li>\n\n<li><strong>IT paslaug\u0173 teik\u0117jai:<\/strong> (svetain\u0117s priegloba, el. pa\u0161to paslaugos, analiz\u0117s \u012frankiai) \u2013 perdavimas reikalingas m\u016bs\u0173 sistem\u0173 prie\u017ei\u016brai ir veikimui.<\/li>\n\n<li><strong>Valstyb\u0117s institucijos:<\/strong> Duomenys perduodami pagal Lietuvos Respublikos teis\u0117s aktus.<\/li>\n<\/ul>\n\n<p>U\u017etikriname, kad visi duomen\u0173 tvarkytojai laikyt\u0173si BDAR reikalavim\u0173.<\/p>\n\n<h3 class=\"wp-block-heading\"><strong>6. Duomen\u0173 Saugojimo Terminas<\/strong><\/h3>\n\n<p>J\u016bs\u0173 asmens duomenys saugomi ne ilgiau, nei to reikalauja nurodyti tikslai ir teis\u0117s aktai:<\/p>\n\n<ul class=\"wp-block-list\">\n<li><strong>U\u017esakymo ir apskaitos duomenys:<\/strong> 10 met\u0173 po paskutinio u\u017esakymo pagal Lietuvos Respublikos teis\u0117s aktus.<\/li>\n\n<li><strong>Naujienlai\u0161kio duomenys:<\/strong> Iki to momento, kol at\u0161auksite savo sutikim\u0105 (atsisakysite naujienlai\u0161kio).<\/li>\n\n<li><strong>U\u017eklaus\u0173 duomenys:<\/strong> 1 metus po u\u017eklausos i\u0161sprendimo.<\/li>\n<\/ul>\n\n<p>Pasibaigus saugojimo terminui, duomenys bus saugiai i\u0161trinami arba nuasmeninami.<\/p>\n\n<h3 class=\"wp-block-heading\"><strong>7. J\u016bs\u0173, kaip Duomen\u0173 Subjekto, Teis\u0117s<\/strong><\/h3>\n\n<p>J\u016bs turite teis\u0119 bet kuriuo metu:<\/p>\n\n<ol class=\"wp-block-list\" start=\"1\">\n<li><strong>Pra\u0161yti susipa\u017einti<\/strong> su savo asmens duomenimis (teis\u0117 \u017einoti).<\/li>\n\n<li><strong>Pra\u0161yti i\u0161taisyti<\/strong> netikslius ar nei\u0161samius duomenis.<\/li>\n\n<li><strong>Pra\u0161yti i\u0161trinti<\/strong> savo asmens duomenis (\u201eteis\u0117 b\u016bti pamir\u0161tam\u201c), jei jie neb\u0117ra reikalingi tikslams, kuriems buvo surinkti.<\/li>\n\n<li><strong>Apriboti<\/strong> duomen\u0173 tvarkym\u0105.<\/li>\n\n<li><strong>Nesutikti<\/strong> su duomen\u0173 tvarkymu (pvz., rinkodarai).<\/li>\n\n<li><strong>\u012e duomen\u0173 perkeliamum\u0105<\/strong> (gauti duomenis susistemintu, \u012fprastai naudojamu ir kompiuterio skaitomu formatu ir persi\u0173sti kitam valdytojui).<\/li>\n\n<li><strong>At\u0161aukti<\/strong> duot\u0105 sutikim\u0105 (pvz., naujienlai\u0161kio gavimui).<\/li>\n\n<li><strong>Pateikti skund\u0105<\/strong> Valstybinei duomen\u0173 apsaugos inspekcijai (VDAI), jei manote, kad j\u016bs\u0173 teis\u0117s yra pa\u017eeid\u017eiamos.<\/li>\n<\/ol>\n\n<p>Nor\u0117dami pasinaudoti \u0161iomis teis\u0117mis, kreipkit\u0117s \u012f mus 2 skyriuje nurodytais kontaktais.<\/p>\n\n<h3 class=\"wp-block-heading\"><strong>8. Slapukai (Cookies)<\/strong><\/h3>\n\n<p>Slapukai yra ma\u017ei tekstiniai failai, kurie \u012fra\u0161omi \u012f j\u016bs\u0173 \u012frengin\u012f apsilankius Svetain\u0117je. Naudojame juos:<\/p>\n\n<ul class=\"wp-block-list\">\n<li><strong>B\u016btini slapukai:<\/strong> Kad Svetain\u0117 tinkamai veikt\u0173 (pvz., prisijungimas, pirkini\u0173 krep\u0161elis).<\/li>\n\n<li><strong>Analitiniai\/statistiniai slapukai:<\/strong> Siekiant analizuoti, kaip lankytojai naudojasi Svetaine, ir gerinti jos veikim\u0105.<\/li>\n\n<li><strong>Rinkodaros slapukai:<\/strong> Siekiant personalizuoti jums rodomus skelbimus.<\/li>\n<\/ul>\n\n<p>Pirm\u0105 kart\u0105 apsilankius Svetain\u0117je, pra\u0161ome j\u016bs\u0173 sutikimo naudoti neesminius slapukus. J\u016bs galite valdyti ar atsisakyti slapuk\u0173 nustatym\u0173 savo nar\u0161ykl\u0117je.<\/p>\n\n<h3 class=\"wp-block-heading\"><strong>9. Politikos Pakeitimai<\/strong><\/h3>\n\n<p>Mes pasiliekame teis\u0119 atnaujinti \u0161i\u0105 privatumo politik\u0105. Apie pakeitimus prane\u0161ime Svetain\u0117je ir nurodysime atnaujinimo dat\u0105.<\/p>\n\n<p>\u00a0<\/p>\n\t\t\t\t\t\t\t\t<\/div>\n\t\t\t\t<\/div>\n\t\t\t\t\t<\/div>\n\t\t\t\t<\/div>\n\t\t\t\t<\/div>\n\t\t","protected":false},"excerpt":{"rendered":"<p>Privatumo politika 1. \u012evadas \u0160i privatumo politika apra\u0161o, kaip UAB &#8222;Sportuok&#8221; (toliau \u2013 \u201emes\u201c, \u201em\u016bs\u0173\u201c) renka, naudoja ir saugo asmens duomenis, kai lankot\u0117s m\u016bs\u0173 elektronin\u0117je parduotuv\u0117je [https:\/\/livetaar.raganosis.eu] (toliau \u2013 \u201eSvetain\u0117\u201c) ir naudojat\u0117s m\u016bs\u0173 paslaugomis. M\u016bs\u0173 tikslas yra apsaugoti j\u016bs\u0173 privatum\u0105 ir u\u017etikrinti, kad j\u016bs\u0173 asmens duomenys b\u016bt\u0173 tvarkomi skaidriai, s\u0105\u017einingai ir teis\u0117tai, laikantis 2016 m. [&hellip;]<\/p>\n","protected":false},"author":1,"featured_media":0,"parent":0,"menu_order":0,"comment_status":"closed","ping_status":"closed","template":"elementor_header_footer","meta":{"site-sidebar-layout":"default","site-content-layout":"","ast-site-content-layout":"default","site-content-style":"default","site-sidebar-style":"default","ast-global-header-display":"","ast-banner-title-visibility":"","ast-main-header-display":"","ast-hfb-above-header-display":"","ast-hfb-below-header-display":"","ast-hfb-mobile-header-display":"","site-post-title":"","ast-breadcrumbs-content":"","ast-featured-img":"","footer-sml-layout":"","theme-transparent-header-meta":"","adv-header-id-meta":"","stick-header-meta":"","header-above-stick-meta":"","header-main-stick-meta":"","header-below-stick-meta":"","astra-migrate-meta-layouts":"set","ast-page-background-enabled":"default","ast-page-background-meta":{"desktop":{"background-color":"","background-image":"","background-repeat":"repeat","background-position":"center center","background-size":"auto","background-attachment":"scroll","background-type":"","background-media":"","overlay-type":"","overlay-color":"","overlay-opacity":"","overlay-gradient":""},"tablet":{"background-color":"","background-image":"","background-repeat":"repeat","background-position":"center center","background-size":"auto","background-attachment":"scroll","background-type":"","background-media":"","overlay-type":"","overlay-color":"","overlay-opacity":"","overlay-gradient":""},"mobile":{"background-color":"","background-image":"","background-repeat":"repeat","background-position":"center center","background-size":"auto","background-attachment":"scroll","background-type":"","background-media":"","overlay-type":"","overlay-color":"","overlay-opacity":"","overlay-gradient":""}},"ast-content-background-meta":{"desktop":{"background-color":"var(--ast-global-color-5)","background-image":"","background-repeat":"repeat","background-position":"center center","background-size":"auto","background-attachment":"scroll","background-type":"","background-media":"","overlay-type":"","overlay-color":"","overlay-opacity":"","overlay-gradient":""},"tablet":{"background-color":"var(--ast-global-color-5)","background-image":"","background-repeat":"repeat","background-position":"center center","background-size":"auto","background-attachment":"scroll","background-type":"","background-media":"","overlay-type":"","overlay-color":"","overlay-opacity":"","overlay-gradient":""},"mobile":{"background-color":"var(--ast-global-color-5)","background-image":"","background-repeat":"repeat","background-position":"center center","background-size":"auto","background-attachment":"scroll","background-type":"","background-media":"","overlay-type":"","overlay-color":"","overlay-opacity":"","overlay-gradient":""}},"footnotes":""},"class_list":["post-3","page","type-page","status-publish","hentry"],"yoast_head":"<!-- This site is optimized with the Yoast SEO plugin v27.2 - https:\/\/yoast.com\/product\/yoast-seo-wordpress\/ -->\n<title>Privatumo politika - Livetos svetain\u0117 - Su\u017einokite, kaip tvarkome j\u016bs\u0173 duomenis<\/title>\n<meta name=\"description\" content=\"Su\u017einokite, kaip tvarkome j\u016bs\u0173 asmens duomenis. 100% atitiktis BDAR reikalavimams. J\u016bs\u0173 duomen\u0173 saugumas yra m\u016bs\u0173 prioritetas.\" \/>\n<meta name=\"robots\" content=\"noindex, follow, max-snippet:-1, max-image-preview:large, max-video-preview:-1\" \/>\n<meta property=\"og:locale\" content=\"en_US\" \/>\n<meta property=\"og:type\" content=\"article\" \/>\n<meta property=\"og:title\" content=\"Privatumo politika - Livetos svetain\u0117 - Su\u017einokite, kaip tvarkome j\u016bs\u0173 duomenis\" \/>\n<meta property=\"og:description\" content=\"Su\u017einokite, kaip tvarkome j\u016bs\u0173 asmens duomenis. 100% atitiktis BDAR reikalavimams. J\u016bs\u0173 duomen\u0173 saugumas yra m\u016bs\u0173 prioritetas.\" \/>\n<meta property=\"og:url\" content=\"https:\/\/liveta.shop\/en\/privatumo-politika\/\" \/>\n<meta property=\"og:site_name\" content=\"Livetos svetain\u0117\" \/>\n<meta property=\"article:modified_time\" content=\"2025-12-13T14:56:14+00:00\" \/>\n<meta property=\"og:image\" content=\"https:\/\/liveta.shop\/wp-content\/uploads\/2025\/11\/cropped-Sportex-Favicon-2.png\" \/>\n\t<meta property=\"og:image:width\" content=\"999\" \/>\n\t<meta property=\"og:image:height\" content=\"999\" \/>\n\t<meta property=\"og:image:type\" content=\"image\/png\" \/>\n<meta name=\"twitter:card\" content=\"summary_large_image\" \/>\n<meta name=\"twitter:label1\" content=\"Est. reading time\" \/>\n\t<meta name=\"twitter:data1\" content=\"4 minutes\" \/>\n<script type=\"application\/ld+json\" class=\"yoast-schema-graph\">{\"@context\":\"https:\/\/schema.org\",\"@graph\":[{\"@type\":\"WebPage\",\"@id\":\"https:\/\/liveta.shop\/privatumo-politika\/\",\"url\":\"https:\/\/liveta.shop\/privatumo-politika\/\",\"name\":\"Privatumo politika - Livetos svetain\u0117 - Su\u017einokite, kaip tvarkome j\u016bs\u0173 duomenis\",\"isPartOf\":{\"@id\":\"https:\/\/liveta.shop\/#website\"},\"datePublished\":\"2025-11-08T18:43:50+00:00\",\"dateModified\":\"2025-12-13T14:56:14+00:00\",\"description\":\"Su\u017einokite, kaip tvarkome j\u016bs\u0173 asmens duomenis. 100% atitiktis BDAR reikalavimams. J\u016bs\u0173 duomen\u0173 saugumas yra m\u016bs\u0173 prioritetas.\",\"breadcrumb\":{\"@id\":\"https:\/\/liveta.shop\/privatumo-politika\/#breadcrumb\"},\"inLanguage\":\"en-US\",\"potentialAction\":[{\"@type\":\"ReadAction\",\"target\":[\"https:\/\/liveta.shop\/privatumo-politika\/\"]}]},{\"@type\":\"BreadcrumbList\",\"@id\":\"https:\/\/liveta.shop\/privatumo-politika\/#breadcrumb\",\"itemListElement\":[{\"@type\":\"ListItem\",\"position\":1,\"name\":\"Home\",\"item\":\"https:\/\/liveta.shop\/\"},{\"@type\":\"ListItem\",\"position\":2,\"name\":\"Privatumo politika\"}]},{\"@type\":\"WebSite\",\"@id\":\"https:\/\/liveta.shop\/#website\",\"url\":\"https:\/\/liveta.shop\/\",\"name\":\"Livetos svetaine\",\"description\":\"Sporto treniruokli\u0173 parduotuv\u0117\",\"publisher\":{\"@id\":\"https:\/\/liveta.shop\/#organization\"},\"potentialAction\":[{\"@type\":\"SearchAction\",\"target\":{\"@type\":\"EntryPoint\",\"urlTemplate\":\"https:\/\/liveta.shop\/?s={search_term_string}\"},\"query-input\":{\"@type\":\"PropertyValueSpecification\",\"valueRequired\":true,\"valueName\":\"search_term_string\"}}],\"inLanguage\":\"en-US\"},{\"@type\":\"Organization\",\"@id\":\"https:\/\/liveta.shop\/#organization\",\"name\":\"Livetos svetaine\",\"url\":\"https:\/\/liveta.shop\/\",\"logo\":{\"@type\":\"ImageObject\",\"inLanguage\":\"en-US\",\"@id\":\"https:\/\/liveta.shop\/#\/schema\/logo\/image\/\",\"url\":\"https:\/\/liveta.shop\/wp-content\/uploads\/2025\/11\/cropped-Sportex-Favicon-2.png\",\"contentUrl\":\"https:\/\/liveta.shop\/wp-content\/uploads\/2025\/11\/cropped-Sportex-Favicon-2.png\",\"width\":999,\"height\":999,\"caption\":\"Livetos svetaine\"},\"image\":{\"@id\":\"https:\/\/liveta.shop\/#\/schema\/logo\/image\/\"}}]}<\/script>\n<!-- \/ Yoast SEO plugin. -->","yoast_head_json":{"title":"Privatumo politika - Livetos svetain\u0117 - Su\u017einokite, kaip tvarkome j\u016bs\u0173 duomenis","description":"Su\u017einokite, kaip tvarkome j\u016bs\u0173 asmens duomenis. 100% atitiktis BDAR reikalavimams. J\u016bs\u0173 duomen\u0173 saugumas yra m\u016bs\u0173 prioritetas.","robots":{"index":"noindex","follow":"follow","max-snippet":"max-snippet:-1","max-image-preview":"max-image-preview:large","max-video-preview":"max-video-preview:-1"},"og_locale":"en_US","og_type":"article","og_title":"Privatumo politika - Livetos svetain\u0117 - Su\u017einokite, kaip tvarkome j\u016bs\u0173 duomenis","og_description":"Su\u017einokite, kaip tvarkome j\u016bs\u0173 asmens duomenis. 100% atitiktis BDAR reikalavimams. J\u016bs\u0173 duomen\u0173 saugumas yra m\u016bs\u0173 prioritetas.","og_url":"https:\/\/liveta.shop\/en\/privatumo-politika\/","og_site_name":"Livetos svetain\u0117","article_modified_time":"2025-12-13T14:56:14+00:00","og_image":[{"width":999,"height":999,"url":"https:\/\/liveta.shop\/wp-content\/uploads\/2025\/11\/cropped-Sportex-Favicon-2.png","type":"image\/png"}],"twitter_card":"summary_large_image","twitter_misc":{"Est. reading time":"4 minutes"},"schema":{"@context":"https:\/\/schema.org","@graph":[{"@type":"WebPage","@id":"https:\/\/liveta.shop\/privatumo-politika\/","url":"https:\/\/liveta.shop\/privatumo-politika\/","name":"Privatumo politika - Livetos svetain\u0117 - Su\u017einokite, kaip tvarkome j\u016bs\u0173 duomenis","isPartOf":{"@id":"https:\/\/liveta.shop\/#website"},"datePublished":"2025-11-08T18:43:50+00:00","dateModified":"2025-12-13T14:56:14+00:00","description":"Su\u017einokite, kaip tvarkome j\u016bs\u0173 asmens duomenis. 100% atitiktis BDAR reikalavimams. J\u016bs\u0173 duomen\u0173 saugumas yra m\u016bs\u0173 prioritetas.","breadcrumb":{"@id":"https:\/\/liveta.shop\/privatumo-politika\/#breadcrumb"},"inLanguage":"en-US","potentialAction":[{"@type":"ReadAction","target":["https:\/\/liveta.shop\/privatumo-politika\/"]}]},{"@type":"BreadcrumbList","@id":"https:\/\/liveta.shop\/privatumo-politika\/#breadcrumb","itemListElement":[{"@type":"ListItem","position":1,"name":"Home","item":"https:\/\/liveta.shop\/"},{"@type":"ListItem","position":2,"name":"Privatumo politika"}]},{"@type":"WebSite","@id":"https:\/\/liveta.shop\/#website","url":"https:\/\/liveta.shop\/","name":"Livetos svetaine","description":"Sporto treniruokli\u0173 parduotuv\u0117","publisher":{"@id":"https:\/\/liveta.shop\/#organization"},"potentialAction":[{"@type":"SearchAction","target":{"@type":"EntryPoint","urlTemplate":"https:\/\/liveta.shop\/?s={search_term_string}"},"query-input":{"@type":"PropertyValueSpecification","valueRequired":true,"valueName":"search_term_string"}}],"inLanguage":"en-US"},{"@type":"Organization","@id":"https:\/\/liveta.shop\/#organization","name":"Livetos svetaine","url":"https:\/\/liveta.shop\/","logo":{"@type":"ImageObject","inLanguage":"en-US","@id":"https:\/\/liveta.shop\/#\/schema\/logo\/image\/","url":"https:\/\/liveta.shop\/wp-content\/uploads\/2025\/11\/cropped-Sportex-Favicon-2.png","contentUrl":"https:\/\/liveta.shop\/wp-content\/uploads\/2025\/11\/cropped-Sportex-Favicon-2.png","width":999,"height":999,"caption":"Livetos svetaine"},"image":{"@id":"https:\/\/liveta.shop\/#\/schema\/logo\/image\/"}}]}},"_links":{"self":[{"href":"https:\/\/liveta.shop\/en\/wp-json\/wp\/v2\/pages\/3","targetHints":{"allow":["GET"]}}],"collection":[{"href":"https:\/\/liveta.shop\/en\/wp-json\/wp\/v2\/pages"}],"about":[{"href":"https:\/\/liveta.shop\/en\/wp-json\/wp\/v2\/types\/page"}],"author":[{"embeddable":true,"href":"https:\/\/liveta.shop\/en\/wp-json\/wp\/v2\/users\/1"}],"replies":[{"embeddable":true,"href":"https:\/\/liveta.shop\/en\/wp-json\/wp\/v2\/comments?post=3"}],"version-history":[{"count":16,"href":"https:\/\/liveta.shop\/en\/wp-json\/wp\/v2\/pages\/3\/revisions"}],"predecessor-version":[{"id":3706,"href":"https:\/\/liveta.shop\/en\/wp-json\/wp\/v2\/pages\/3\/revisions\/3706"}],"wp:attachment":[{"href":"https:\/\/liveta.shop\/en\/wp-json\/wp\/v2\/media?parent=3"}],"curies":[{"name":"wp","href":"https:\/\/api.w.org\/{rel}","templated":true}]}}