{"id":2705,"date":"2025-11-17T12:54:36","date_gmt":"2025-11-17T12:54:36","guid":{"rendered":"https:\/\/liveta.shop\/?page_id=2705"},"modified":"2025-12-13T14:53:52","modified_gmt":"2025-12-13T14:53:52","slug":"prekiu-grazinimas","status":"publish","type":"page","link":"https:\/\/liveta.shop\/en\/prekiu-grazinimas\/","title":{"rendered":"Preki\u0173 gr\u0105\u017einimas"},"content":{"rendered":"<div data-elementor-type=\"wp-page\" data-elementor-id=\"2705\" class=\"elementor elementor-2705\" data-elementor-post-type=\"page\">\n\t\t\t\t<div class=\"elementor-element elementor-element-5fd93cc e-flex e-con-boxed e-con e-parent\" data-id=\"5fd93cc\" data-element_type=\"container\" data-e-type=\"container\">\n\t\t\t\t\t<div class=\"e-con-inner\">\n\t\t\t\t<div class=\"elementor-element elementor-element-0b71253 elementor-widget elementor-widget-spacer\" data-id=\"0b71253\" data-element_type=\"widget\" data-e-type=\"widget\" data-widget_type=\"spacer.default\">\n\t\t\t\t<div class=\"elementor-widget-container\">\n\t\t\t\t\t\t\t<div class=\"elementor-spacer\">\n\t\t\t<div class=\"elementor-spacer-inner\"><\/div>\n\t\t<\/div>\n\t\t\t\t\t\t<\/div>\n\t\t\t\t<\/div>\n\t\t\t\t<div class=\"elementor-element elementor-element-f198671 elementor-widget elementor-widget-heading\" data-id=\"f198671\" data-element_type=\"widget\" data-e-type=\"widget\" data-widget_type=\"heading.default\">\n\t\t\t\t<div class=\"elementor-widget-container\">\n\t\t\t\t\t<h1 class=\"elementor-heading-title elementor-size-default\">Preki\u0173 gr\u0105\u017einimas<\/h1>\t\t\t\t<\/div>\n\t\t\t\t<\/div>\n\t\t\t\t\t<\/div>\n\t\t\t\t<\/div>\n\t\t<div class=\"elementor-element elementor-element-6c41073 e-flex e-con-boxed e-con e-parent\" data-id=\"6c41073\" data-element_type=\"container\" data-e-type=\"container\">\n\t\t\t\t\t<div class=\"e-con-inner\">\n\t\t\t\t<div class=\"elementor-element elementor-element-ff47e20 elementor-widget-divider--view-line elementor-widget elementor-widget-divider\" data-id=\"ff47e20\" data-element_type=\"widget\" data-e-type=\"widget\" data-widget_type=\"divider.default\">\n\t\t\t\t<div class=\"elementor-widget-container\">\n\t\t\t\t\t\t\t<div class=\"elementor-divider\">\n\t\t\t<span class=\"elementor-divider-separator\">\n\t\t\t\t\t\t<\/span>\n\t\t<\/div>\n\t\t\t\t\t\t<\/div>\n\t\t\t\t<\/div>\n\t\t\t\t<div class=\"elementor-element elementor-element-5272e4f elementor-widget elementor-widget-text-editor\" data-id=\"5272e4f\" data-element_type=\"widget\" data-e-type=\"widget\" data-widget_type=\"text-editor.default\">\n\t\t\t\t<div class=\"elementor-widget-container\">\n\t\t\t\t\t\t\t\t\t<p><span style=\"font-weight: 400;\">Turite teis\u0119 at\u0161aukti savo u\u017esakym\u0105 per 30 dien\u0173 nepateikiant jokios prie\u017easties.<\/span><\/p><p><span style=\"font-weight: 400;\">Savo u\u017esakym\u0105 galite at\u0161aukti per 30 dien\u0173 nuo u\u017esakyt\u0173 preki\u0173 gavimo.<\/span><\/p><p><span style=\"font-weight: 400;\">Jeigu norite s\u0117kmingai at\u0161aukti u\u017esakym\u0105, turite mus informuoti ir suteikti vis\u0105 reikaling\u0105 informacij\u0105.<\/span><\/p><p><span style=\"font-weight: 400;\">Apie u\u017esakymo at\u0161aukim\u0105 galite mus informuoti el. pa\u0161tu test@test.test.<\/span><\/p><p><span style=\"font-weight: 400;\">Pinigus gr\u0105\u017einsime ne v\u0117liau kaip per 30 dien\u0173, nuo gr\u0105\u017einam\u0173 preki\u0173 gavimo. J\u016bs\u0173 pinigai bus gr\u0105\u017einami tokiu pa\u010diu b\u016bdu, kokiu buvo atlikas mok\u0117jimas u\u017e u\u017esakym\u0105, netaikant papildomo pinig\u0173 gr\u0105\u017einimo mokes\u010dio.<\/span><\/p><p><span style=\"font-weight: 400;\">Preki\u0173 gr\u0105\u017einimo s\u0105lygos:<\/span><\/p><p><span style=\"font-weight: 400;\">Nor\u0117dami gr\u0105\u017einti \u012fsigytas prek\u0117s, \u012fsitikinkite, kad:<\/span><\/p><ul><li style=\"font-weight: 400;\" aria-level=\"1\"><span style=\"font-weight: 400;\">Prek\u0117s buvo \u012fsigytos per paskutines 30 dien\u0173<\/span><\/li><li style=\"font-weight: 400;\" aria-level=\"1\"><span style=\"font-weight: 400;\">Prek\u0117s yra originalioje pakuot\u0117je<\/span><\/li><\/ul><p><span style=\"font-weight: 400;\">Prek\u0117s, kuri\u0173 negalima gr\u0105\u017einti:<\/span><\/p><ul><li style=\"font-weight: 400;\" aria-level=\"1\"><span style=\"font-weight: 400;\">Prek\u0117s, pagamintos pagal u\u017esakym\u0105.<\/span><\/li><li style=\"font-weight: 400;\" aria-level=\"1\"><span style=\"font-weight: 400;\">Prek\u0117s, kuri\u0173 negalima gr\u0105\u017einti d\u0117l j\u0173 prigimties, pavyzd\u017eiui prek\u0117s, kuri\u0173 galiojimo laikas yra pasibaig\u0119s.<\/span><\/li><li style=\"font-weight: 400;\" aria-level=\"1\"><span style=\"font-weight: 400;\">Prek\u0117s, kurios netinkamos gr\u0105\u017einti d\u0117l higienos prie\u017ea\u0161\u010di\u0173 po prek\u0117s i\u0161pakavimo.<\/span><\/li><li style=\"font-weight: 400;\" aria-level=\"1\"><span style=\"font-weight: 400;\">Prek\u0117s, kurios po j\u0173 pristatymo, yra naudojamos su kitomis prek\u0117mis (preki\u0173 mi\u0161iniai).<\/span><\/li><\/ul><p><span style=\"font-weight: 400;\">Pasiliekam\u0119 teis\u0119, atsisakyti gr\u0105\u017einti prekes, net ir tas, kurios atitinka auk\u0161\u010diau i\u0161vardintus reikalavimus.<\/span><\/p><p><span style=\"font-weight: 400;\">Preki\u0173 gr\u0105\u017einimas<\/span><\/p><p><span style=\"font-weight: 400;\">J\u016bs prisiimate preki\u0173 gr\u0105\u017einimo rizik\u0105 ir ka\u0161tus. Gr\u0105\u017einamas prekes si\u0173skite \u0161iuo adresu:<\/span><\/p><p><span style=\"font-weight: 400;\">Test g. 12<\/span><\/p><p><span style=\"font-weight: 400;\">Mes nesame atsakingi u\u017e preki\u0173 pa\u017eeidimus, \u012fvykusius gr\u0105\u017einant prekes. D\u0117l to, si\u016blome rinktis saug\u0173 preki\u0173 siuntimo paslaug\u0173 teik\u0117j\u0105. Negal\u0117sime gr\u0105\u017einti pinig\u0173, jeigu nepateiksite preki\u0173 \u012fsigijimo kvito arba preki\u0173 pristatymo kvito.<\/span><\/p><p><span style=\"font-weight: 400;\">Dovanos:<\/span><\/p><p><span style=\"font-weight: 400;\">Jeigu norite gr\u0105\u017einti dovan\u0105, dovanos vert\u0119 gr\u0105\u017einsime dovanos kreditais. Kai tik gausime j\u016bs\u0173 gr\u0105\u017einam\u0105 dovan\u0105, i\u0161si\u0173sime dovanos kredit\u0173 sertifikat\u0105.<\/span><\/p><p><span style=\"font-weight: 400;\">Kontaktin\u0117 informacija<\/span><\/p><p><span style=\"font-weight: 400;\">Jeigu turite klausim\u0173 d\u0117l m\u016bs\u0173 pinig\u0173 ir preki\u0173 gr\u0105\u017einimo politikos, susisiekite su mumis el. pa\u0161tu test@test.test<\/span><\/p>\t\t\t\t\t\t\t\t<\/div>\n\t\t\t\t<\/div>\n\t\t\t\t\t<\/div>\n\t\t\t\t<\/div>\n\t\t\t\t<\/div>","protected":false},"excerpt":{"rendered":"<p>Preki\u0173 gr\u0105\u017einimas Turite teis\u0119 at\u0161aukti savo u\u017esakym\u0105 per 30 dien\u0173 nepateikiant jokios prie\u017easties. Savo u\u017esakym\u0105 galite at\u0161aukti per 30 dien\u0173 nuo u\u017esakyt\u0173 preki\u0173 gavimo. Jeigu norite s\u0117kmingai at\u0161aukti u\u017esakym\u0105, turite mus informuoti ir suteikti vis\u0105 reikaling\u0105 informacij\u0105. Apie u\u017esakymo at\u0161aukim\u0105 galite mus informuoti el. pa\u0161tu test@test.test. Pinigus gr\u0105\u017einsime ne v\u0117liau kaip per 30 dien\u0173, nuo [&hellip;]<\/p>\n","protected":false},"author":1,"featured_media":0,"parent":0,"menu_order":0,"comment_status":"closed","ping_status":"closed","template":"","meta":{"site-sidebar-layout":"no-sidebar","site-content-layout":"page-builder","ast-site-content-layout":"full-width-container","site-content-style":"default","site-sidebar-style":"default","ast-global-header-display":"","ast-banner-title-visibility":"","ast-main-header-display":"","ast-hfb-above-header-display":"","ast-hfb-below-header-display":"","ast-hfb-mobile-header-display":"","site-post-title":"disabled","ast-breadcrumbs-content":"","ast-featured-img":"disabled","footer-sml-layout":"","theme-transparent-header-meta":"","adv-header-id-meta":"","stick-header-meta":"","header-above-stick-meta":"","header-main-stick-meta":"","header-below-stick-meta":"","astra-migrate-meta-layouts":"set","ast-page-background-enabled":"default","ast-page-background-meta":{"desktop":{"background-color":"","background-image":"","background-repeat":"repeat","background-position":"center center","background-size":"auto","background-attachment":"scroll","background-type":"","background-media":"","overlay-type":"","overlay-color":"","overlay-opacity":"","overlay-gradient":""},"tablet":{"background-color":"","background-image":"","background-repeat":"repeat","background-position":"center center","background-size":"auto","background-attachment":"scroll","background-type":"","background-media":"","overlay-type":"","overlay-color":"","overlay-opacity":"","overlay-gradient":""},"mobile":{"background-color":"","background-image":"","background-repeat":"repeat","background-position":"center center","background-size":"auto","background-attachment":"scroll","background-type":"","background-media":"","overlay-type":"","overlay-color":"","overlay-opacity":"","overlay-gradient":""}},"ast-content-background-meta":{"desktop":{"background-color":"var(--ast-global-color-5)","background-image":"","background-repeat":"repeat","background-position":"center center","background-size":"auto","background-attachment":"scroll","background-type":"","background-media":"","overlay-type":"","overlay-color":"","overlay-opacity":"","overlay-gradient":""},"tablet":{"background-color":"var(--ast-global-color-5)","background-image":"","background-repeat":"repeat","background-position":"center center","background-size":"auto","background-attachment":"scroll","background-type":"","background-media":"","overlay-type":"","overlay-color":"","overlay-opacity":"","overlay-gradient":""},"mobile":{"background-color":"var(--ast-global-color-5)","background-image":"","background-repeat":"repeat","background-position":"center center","background-size":"auto","background-attachment":"scroll","background-type":"","background-media":"","overlay-type":"","overlay-color":"","overlay-opacity":"","overlay-gradient":""}},"footnotes":""},"class_list":["post-2705","page","type-page","status-publish","hentry"],"yoast_head":"<!-- This site is optimized with the Yoast SEO plugin v27.2 - https:\/\/yoast.com\/product\/yoast-seo-wordpress\/ -->\n<title>Preki\u0173 gr\u0105\u017einimas - Livetos svetain\u0117 - Su\u017einok, kaip gr\u0105\u017einti prekes<\/title>\n<meta name=\"description\" content=\"Su\u017einokite, kaip gr\u0105\u017einti prekes: ai\u0161kios taisykl\u0117s, terminai ir paprasti \u017eingsniai, u\u017etikrinantys skland\u0173 ir saug\u0173 preki\u0173 gr\u0105\u017einimo proces\u0105.\" \/>\n<meta name=\"robots\" content=\"noindex, follow, max-snippet:-1, max-image-preview:large, max-video-preview:-1\" \/>\n<meta property=\"og:locale\" content=\"en_US\" \/>\n<meta property=\"og:type\" content=\"article\" \/>\n<meta property=\"og:title\" content=\"Preki\u0173 gr\u0105\u017einimas - Livetos svetain\u0117 - Su\u017einok, kaip gr\u0105\u017einti prekes\" \/>\n<meta property=\"og:description\" content=\"Su\u017einokite, kaip gr\u0105\u017einti prekes: ai\u0161kios taisykl\u0117s, terminai ir paprasti \u017eingsniai, u\u017etikrinantys skland\u0173 ir saug\u0173 preki\u0173 gr\u0105\u017einimo proces\u0105.\" \/>\n<meta property=\"og:url\" content=\"https:\/\/liveta.shop\/en\/prekiu-grazinimas\/\" \/>\n<meta property=\"og:site_name\" content=\"Livetos svetain\u0117\" \/>\n<meta property=\"article:modified_time\" content=\"2025-12-13T14:53:52+00:00\" \/>\n<meta property=\"og:image\" content=\"https:\/\/liveta.shop\/wp-content\/uploads\/2025\/11\/cropped-Sportex-Favicon-2.png\" \/>\n\t<meta property=\"og:image:width\" content=\"999\" \/>\n\t<meta property=\"og:image:height\" content=\"999\" \/>\n\t<meta property=\"og:image:type\" content=\"image\/png\" \/>\n<meta name=\"twitter:card\" content=\"summary_large_image\" \/>\n<meta name=\"twitter:label1\" content=\"Est. reading time\" \/>\n\t<meta name=\"twitter:data1\" content=\"2 minutes\" \/>\n<script type=\"application\/ld+json\" class=\"yoast-schema-graph\">{\"@context\":\"https:\/\/schema.org\",\"@graph\":[{\"@type\":\"WebPage\",\"@id\":\"https:\/\/liveta.shop\/prekiu-grazinimas\/\",\"url\":\"https:\/\/liveta.shop\/prekiu-grazinimas\/\",\"name\":\"Preki\u0173 gr\u0105\u017einimas - Livetos svetain\u0117 - Su\u017einok, kaip gr\u0105\u017einti prekes\",\"isPartOf\":{\"@id\":\"https:\/\/liveta.shop\/#website\"},\"datePublished\":\"2025-11-17T12:54:36+00:00\",\"dateModified\":\"2025-12-13T14:53:52+00:00\",\"description\":\"Su\u017einokite, kaip gr\u0105\u017einti prekes: ai\u0161kios taisykl\u0117s, terminai ir paprasti \u017eingsniai, u\u017etikrinantys skland\u0173 ir saug\u0173 preki\u0173 gr\u0105\u017einimo proces\u0105.\",\"breadcrumb\":{\"@id\":\"https:\/\/liveta.shop\/prekiu-grazinimas\/#breadcrumb\"},\"inLanguage\":\"en-US\",\"potentialAction\":[{\"@type\":\"ReadAction\",\"target\":[\"https:\/\/liveta.shop\/prekiu-grazinimas\/\"]}]},{\"@type\":\"BreadcrumbList\",\"@id\":\"https:\/\/liveta.shop\/prekiu-grazinimas\/#breadcrumb\",\"itemListElement\":[{\"@type\":\"ListItem\",\"position\":1,\"name\":\"Home\",\"item\":\"https:\/\/liveta.shop\/\"},{\"@type\":\"ListItem\",\"position\":2,\"name\":\"Preki\u0173 gr\u0105\u017einimas\"}]},{\"@type\":\"WebSite\",\"@id\":\"https:\/\/liveta.shop\/#website\",\"url\":\"https:\/\/liveta.shop\/\",\"name\":\"Livetos svetaine\",\"description\":\"Sporto treniruokli\u0173 parduotuv\u0117\",\"publisher\":{\"@id\":\"https:\/\/liveta.shop\/#organization\"},\"potentialAction\":[{\"@type\":\"SearchAction\",\"target\":{\"@type\":\"EntryPoint\",\"urlTemplate\":\"https:\/\/liveta.shop\/?s={search_term_string}\"},\"query-input\":{\"@type\":\"PropertyValueSpecification\",\"valueRequired\":true,\"valueName\":\"search_term_string\"}}],\"inLanguage\":\"en-US\"},{\"@type\":\"Organization\",\"@id\":\"https:\/\/liveta.shop\/#organization\",\"name\":\"Livetos svetaine\",\"url\":\"https:\/\/liveta.shop\/\",\"logo\":{\"@type\":\"ImageObject\",\"inLanguage\":\"en-US\",\"@id\":\"https:\/\/liveta.shop\/#\/schema\/logo\/image\/\",\"url\":\"https:\/\/liveta.shop\/wp-content\/uploads\/2025\/11\/cropped-Sportex-Favicon-2.png\",\"contentUrl\":\"https:\/\/liveta.shop\/wp-content\/uploads\/2025\/11\/cropped-Sportex-Favicon-2.png\",\"width\":999,\"height\":999,\"caption\":\"Livetos svetaine\"},\"image\":{\"@id\":\"https:\/\/liveta.shop\/#\/schema\/logo\/image\/\"}}]}<\/script>\n<!-- \/ Yoast SEO plugin. -->","yoast_head_json":{"title":"Preki\u0173 gr\u0105\u017einimas - Livetos svetain\u0117 - Su\u017einok, kaip gr\u0105\u017einti prekes","description":"Su\u017einokite, kaip gr\u0105\u017einti prekes: ai\u0161kios taisykl\u0117s, terminai ir paprasti \u017eingsniai, u\u017etikrinantys skland\u0173 ir saug\u0173 preki\u0173 gr\u0105\u017einimo proces\u0105.","robots":{"index":"noindex","follow":"follow","max-snippet":"max-snippet:-1","max-image-preview":"max-image-preview:large","max-video-preview":"max-video-preview:-1"},"og_locale":"en_US","og_type":"article","og_title":"Preki\u0173 gr\u0105\u017einimas - Livetos svetain\u0117 - Su\u017einok, kaip gr\u0105\u017einti prekes","og_description":"Su\u017einokite, kaip gr\u0105\u017einti prekes: ai\u0161kios taisykl\u0117s, terminai ir paprasti \u017eingsniai, u\u017etikrinantys skland\u0173 ir saug\u0173 preki\u0173 gr\u0105\u017einimo proces\u0105.","og_url":"https:\/\/liveta.shop\/en\/prekiu-grazinimas\/","og_site_name":"Livetos svetain\u0117","article_modified_time":"2025-12-13T14:53:52+00:00","og_image":[{"width":999,"height":999,"url":"https:\/\/liveta.shop\/wp-content\/uploads\/2025\/11\/cropped-Sportex-Favicon-2.png","type":"image\/png"}],"twitter_card":"summary_large_image","twitter_misc":{"Est. reading time":"2 minutes"},"schema":{"@context":"https:\/\/schema.org","@graph":[{"@type":"WebPage","@id":"https:\/\/liveta.shop\/prekiu-grazinimas\/","url":"https:\/\/liveta.shop\/prekiu-grazinimas\/","name":"Preki\u0173 gr\u0105\u017einimas - Livetos svetain\u0117 - Su\u017einok, kaip gr\u0105\u017einti prekes","isPartOf":{"@id":"https:\/\/liveta.shop\/#website"},"datePublished":"2025-11-17T12:54:36+00:00","dateModified":"2025-12-13T14:53:52+00:00","description":"Su\u017einokite, kaip gr\u0105\u017einti prekes: ai\u0161kios taisykl\u0117s, terminai ir paprasti \u017eingsniai, u\u017etikrinantys skland\u0173 ir saug\u0173 preki\u0173 gr\u0105\u017einimo proces\u0105.","breadcrumb":{"@id":"https:\/\/liveta.shop\/prekiu-grazinimas\/#breadcrumb"},"inLanguage":"en-US","potentialAction":[{"@type":"ReadAction","target":["https:\/\/liveta.shop\/prekiu-grazinimas\/"]}]},{"@type":"BreadcrumbList","@id":"https:\/\/liveta.shop\/prekiu-grazinimas\/#breadcrumb","itemListElement":[{"@type":"ListItem","position":1,"name":"Home","item":"https:\/\/liveta.shop\/"},{"@type":"ListItem","position":2,"name":"Preki\u0173 gr\u0105\u017einimas"}]},{"@type":"WebSite","@id":"https:\/\/liveta.shop\/#website","url":"https:\/\/liveta.shop\/","name":"Livetos svetaine","description":"Sporto treniruokli\u0173 parduotuv\u0117","publisher":{"@id":"https:\/\/liveta.shop\/#organization"},"potentialAction":[{"@type":"SearchAction","target":{"@type":"EntryPoint","urlTemplate":"https:\/\/liveta.shop\/?s={search_term_string}"},"query-input":{"@type":"PropertyValueSpecification","valueRequired":true,"valueName":"search_term_string"}}],"inLanguage":"en-US"},{"@type":"Organization","@id":"https:\/\/liveta.shop\/#organization","name":"Livetos svetaine","url":"https:\/\/liveta.shop\/","logo":{"@type":"ImageObject","inLanguage":"en-US","@id":"https:\/\/liveta.shop\/#\/schema\/logo\/image\/","url":"https:\/\/liveta.shop\/wp-content\/uploads\/2025\/11\/cropped-Sportex-Favicon-2.png","contentUrl":"https:\/\/liveta.shop\/wp-content\/uploads\/2025\/11\/cropped-Sportex-Favicon-2.png","width":999,"height":999,"caption":"Livetos svetaine"},"image":{"@id":"https:\/\/liveta.shop\/#\/schema\/logo\/image\/"}}]}},"_links":{"self":[{"href":"https:\/\/liveta.shop\/en\/wp-json\/wp\/v2\/pages\/2705","targetHints":{"allow":["GET"]}}],"collection":[{"href":"https:\/\/liveta.shop\/en\/wp-json\/wp\/v2\/pages"}],"about":[{"href":"https:\/\/liveta.shop\/en\/wp-json\/wp\/v2\/types\/page"}],"author":[{"embeddable":true,"href":"https:\/\/liveta.shop\/en\/wp-json\/wp\/v2\/users\/1"}],"replies":[{"embeddable":true,"href":"https:\/\/liveta.shop\/en\/wp-json\/wp\/v2\/comments?post=2705"}],"version-history":[{"count":31,"href":"https:\/\/liveta.shop\/en\/wp-json\/wp\/v2\/pages\/2705\/revisions"}],"predecessor-version":[{"id":3695,"href":"https:\/\/liveta.shop\/en\/wp-json\/wp\/v2\/pages\/2705\/revisions\/3695"}],"wp:attachment":[{"href":"https:\/\/liveta.shop\/en\/wp-json\/wp\/v2\/media?parent=2705"}],"curies":[{"name":"wp","href":"https:\/\/api.w.org\/{rel}","templated":true}]}}