{"id":2700,"date":"2025-11-17T12:51:05","date_gmt":"2025-11-17T12:51:05","guid":{"rendered":"https:\/\/liveta.shop\/?page_id=2700"},"modified":"2025-12-13T14:55:17","modified_gmt":"2025-12-13T14:55:17","slug":"prekiu-pristatymo-salygos","status":"publish","type":"page","link":"https:\/\/liveta.shop\/en\/prekiu-pristatymo-salygos\/","title":{"rendered":"Preki\u0173 pristatymo s\u0105lygos"},"content":{"rendered":"<div data-elementor-type=\"wp-page\" data-elementor-id=\"2700\" class=\"elementor elementor-2700\" data-elementor-post-type=\"page\">\n\t\t\t\t<div class=\"elementor-element elementor-element-a437bd6 e-flex e-con-boxed e-con e-parent\" data-id=\"a437bd6\" data-element_type=\"container\" data-e-type=\"container\">\n\t\t\t\t\t<div class=\"e-con-inner\">\n\t\t\t\t<div class=\"elementor-element elementor-element-3427b8a elementor-widget elementor-widget-spacer\" data-id=\"3427b8a\" data-element_type=\"widget\" data-e-type=\"widget\" data-widget_type=\"spacer.default\">\n\t\t\t\t<div class=\"elementor-widget-container\">\n\t\t\t\t\t\t\t<div class=\"elementor-spacer\">\n\t\t\t<div class=\"elementor-spacer-inner\"><\/div>\n\t\t<\/div>\n\t\t\t\t\t\t<\/div>\n\t\t\t\t<\/div>\n\t\t\t\t<div class=\"elementor-element elementor-element-66298b5 elementor-widget elementor-widget-heading\" data-id=\"66298b5\" data-element_type=\"widget\" data-e-type=\"widget\" data-widget_type=\"heading.default\">\n\t\t\t\t<div class=\"elementor-widget-container\">\n\t\t\t\t\t<h1 class=\"elementor-heading-title elementor-size-default\">Preki\u0173 pristatymo s\u0105lygos<\/h1>\t\t\t\t<\/div>\n\t\t\t\t<\/div>\n\t\t\t\t\t<\/div>\n\t\t\t\t<\/div>\n\t\t<div class=\"elementor-element elementor-element-a0f9358 e-flex e-con-boxed e-con e-parent\" data-id=\"a0f9358\" data-element_type=\"container\" data-e-type=\"container\">\n\t\t\t\t\t<div class=\"e-con-inner\">\n\t\t\t\t<div class=\"elementor-element elementor-element-0997d44 elementor-widget-divider--view-line elementor-widget elementor-widget-divider\" data-id=\"0997d44\" data-element_type=\"widget\" data-e-type=\"widget\" data-widget_type=\"divider.default\">\n\t\t\t\t<div class=\"elementor-widget-container\">\n\t\t\t\t\t\t\t<div class=\"elementor-divider\">\n\t\t\t<span class=\"elementor-divider-separator\">\n\t\t\t\t\t\t<\/span>\n\t\t<\/div>\n\t\t\t\t\t\t<\/div>\n\t\t\t\t<\/div>\n\t\t\t\t<div class=\"elementor-element elementor-element-10a5bea elementor-widget elementor-widget-text-editor\" data-id=\"10a5bea\" data-element_type=\"widget\" data-e-type=\"widget\" data-widget_type=\"text-editor.default\">\n\t\t\t\t<div class=\"elementor-widget-container\">\n\t\t\t\t\t\t\t\t\t<section class=\"elementor-section elementor-top-section elementor-element elementor-element-9398b7c elementor-section-boxed elementor-section-height-default elementor-section-height-default\" data-id=\"9398b7c\" data-element_type=\"section\"><div class=\"elementor-container elementor-column-gap-default\"><div class=\"elementor-column elementor-col-100 elementor-top-column elementor-element elementor-element-680303b4\" data-id=\"680303b4\" data-element_type=\"column\"><div class=\"elementor-widget-wrap elementor-element-populated\"><div class=\"elementor-element elementor-element-0d1af42 elementor-widget elementor-widget-heading\" data-id=\"0d1af42\" data-element_type=\"widget\" data-widget_type=\"heading.default\"><div class=\"elementor-widget-container\"><p><span style=\"font-weight: 400;\">Lietuvoje prek\u0117s pristatomos per 1 \u2013 3 darbo dienas. Nenumatytais atvejais \u0161is terminas pailg\u0117ja iki 2 \u2013 5 darbo dien\u0173. Nemokamas pristatymas perkant u\u017e 30\u20ac ir daugiau.<\/span><span style=\"font-weight: 400;\"><br \/><\/span><span style=\"font-weight: 400;\">Pristatymo kainos apskai\u010diuojant suformavus pirkini\u0173 krep\u0161el\u012f ir pasirinkus pristatymo b\u016bd\u0105.<\/span><\/p><p><span style=\"font-weight: 400;\">Preki\u0173 pristatymas \u012f Latvij\u0105 ir Estij\u0105<\/span><\/p><p><span style=\"font-weight: 400;\">Preki\u0173 pristatymas Latvijoje ir Estijoje per 1-4 darbo dienas. Prekes pristatome naudodamiesi Omniva ir DPD teikiamomis paslaugomis.\u00a0Pristatymui \u012f Latvij\u0105 ir Estij\u0105 nemokamo pristatymo nuolaida (perkantiems u\u017e 30 \u20ac ir daugiau) netaikoma.<\/span><\/p><p><span style=\"font-weight: 400;\">Preki\u0173 pristatymas \u012f kitas \u0161alis<\/span><\/p><p><span style=\"font-weight: 400;\">\u012e kitas \u0161alis prek\u0117s pristatomos per 5-14 darbo dien\u0173. Prekes pristatome naudodamiesi AB \u201eLietuvos pa\u0161tas\u201d paslaugomis. Pristatymui \u012f kitas \u0161alis nemokamo pristatymo nuolaida (perkantiems u\u017e 30 \u20ac ir daugiau) netaikoma.<\/span><\/p><p><span style=\"font-weight: 400;\">Jei norite u\u017esakyti \u012f kitas \u0161alis, prie\u0161 perkant skambinkite:\u00a0<\/span><a href=\"tel:+37066666666\"><span style=\"font-weight: 400;\">+370 66666666<\/span><\/a><span style=\"font-weight: 400;\">\u00a0arba para\u0161ykite:\u00a0<\/span><a href=\"mailto:info@sportex.lt\"><span style=\"font-weight: 400;\">info@sportex.lt<\/span><\/a><span style=\"font-weight: 400;\">\u00a0kad gal\u0117tume paskai\u010diuoti siuntimo i\u0161laidas.<\/span><\/p><p><span style=\"font-weight: 400;\">Pristatymo informacija\u200b<\/span><\/p><ul><li style=\"font-weight: 400;\" aria-level=\"1\"><span style=\"font-weight: 400;\">Klientas, u\u017esakydamas prekes, \u012fsipareigoja nurodyti tiksli\u0105 preki\u0173 pristatymo viet\u0105.<\/span><\/li><li style=\"font-weight: 400;\" aria-level=\"1\"><span style=\"font-weight: 400;\">Prekes pristato Pardav\u0117jas arba jo \u012fgaliotas atstovas. Preki\u0173 pristatymo (transportavimo) mokestis yra pateikiamas suformavus u\u017esakym\u0105. Jeigu u\u017esakyme nenurodytas kitas Prekes priimantis asmuo, jas priimti privalo pats Klientas.<\/span><\/li><li style=\"font-weight: 400;\" aria-level=\"1\"><span style=\"font-weight: 400;\">Pardav\u0117jas \u012fsipareigoja pristatyti Prekes Klientui Lietuvoje per 1-3 darbo dienas po u\u017esakymo apmok\u0117jimo,\u00a0 jei nesusitarta kitaip.<\/span><\/li><li style=\"font-weight: 400;\" aria-level=\"1\"><span style=\"font-weight: 400;\">Pardav\u0117jas \u012fsipareigoja pristatyti Prekes Klientui kitose ES \u0161alyse per 5-14 darbo dien\u0173 po u\u017esakymo apmok\u0117jimo,\u00a0 jei nesusitarta kitaip.<\/span><\/li><li style=\"font-weight: 400;\" aria-level=\"1\"><span style=\"font-weight: 400;\">Preki\u0173 kiek\u012f ir kokyb\u0119 Klientas kruop\u0161\u010diai patikrina Prek\u0117s perdavimo momentu. Priimdamas Prek\u0119 i\u0161 kurjerio, Klientas privalo pasira\u0161yti Prek\u0117s pristatymo dokumentuose, patvirtindamas, kad Prek\u0117 jam buvo \u012fteikta.<\/span><\/li><li style=\"font-weight: 400;\" aria-level=\"1\"><span style=\"font-weight: 400;\">Visas pastabas d\u0117l akivaizd\u017ei\u0173 Preki\u0173 tr\u016bkum\u0173 Klientas privalo pareik\u0161ti ra\u0161tu priimdamas Prekes. Pretenzijas d\u0117l Preki\u0173 pasl\u0117pt\u0173 tr\u016bkum\u0173 Klientas gali pareik\u0161ti ra\u0161tu ne v\u0117liau kaip per 7 (septynias) dienas nuo Preki\u0173 gavimo dienos. Kitaip laikoma, kad preke Klientas patenkintas ir neturi joki\u0173 priekai\u0161t\u0173 Pardav\u0117jui.<\/span><\/li><li style=\"font-weight: 400;\" aria-level=\"1\"><span style=\"font-weight: 400;\">Pardav\u0117jas \u012fsipareigoja Prekes pristatyti u\u017esakyme nurodytu adresu ir terminais. Jeigu paai\u0161k\u0117ja, kad Pardav\u0117jas negali pristatyti Prek\u0117s numatytu terminu, jis nedelsdamas apie tai informuoja Klient\u0105. Klientas sutinka, jog i\u0161imties tvarka pristatymas gali v\u0117luoti d\u0117l nenumatyt\u0173 aplinkybi\u0173.<\/span><\/li><li style=\"font-weight: 400;\" aria-level=\"1\"><span style=\"font-weight: 400;\">Klientui apmok\u0117jus u\u017e Prekes Pardav\u0117jas Klientui el. pa\u0161tu i\u0161siun\u010dia s\u0105skait\u0105 fakt\u016br\u0105.<\/span><\/li><li style=\"font-weight: 400;\" aria-level=\"1\"><span style=\"font-weight: 400;\">Pardav\u0117jas atleid\u017eiamas nuo atsakomyb\u0117s u\u017e Preki\u0173 pristatymo termin\u0173 pa\u017eeidim\u0105, jeigu Klientui n\u0117ra pateikiamos arba pateikiamos ne laiku d\u0117l Kliento kalt\u0117s arba d\u0117l nuo Kliento priklausan\u010di\u0173 aplinkybi\u0173.<\/span><\/li><li style=\"font-weight: 400;\" aria-level=\"1\"><span style=\"font-weight: 400;\">U\u017esakymai priimami ir vykdomi kasdien.<\/span><\/li><\/ul><\/div><\/div><\/div><\/div><\/div><\/section>\t\t\t\t\t\t\t\t<\/div>\n\t\t\t\t<\/div>\n\t\t\t\t\t<\/div>\n\t\t\t\t<\/div>\n\t\t\t\t<\/div>","protected":false},"excerpt":{"rendered":"<p>Preki\u0173 pristatymo s\u0105lygos Lietuvoje prek\u0117s pristatomos per 1 \u2013 3 darbo dienas. Nenumatytais atvejais \u0161is terminas pailg\u0117ja iki 2 \u2013 5 darbo dien\u0173. Nemokamas pristatymas perkant u\u017e 30\u20ac ir daugiau.Pristatymo kainos apskai\u010diuojant suformavus pirkini\u0173 krep\u0161el\u012f ir pasirinkus pristatymo b\u016bd\u0105. Preki\u0173 pristatymas \u012f Latvij\u0105 ir Estij\u0105 Preki\u0173 pristatymas Latvijoje ir Estijoje per 1-4 darbo dienas. Prekes [&hellip;]<\/p>\n","protected":false},"author":1,"featured_media":0,"parent":0,"menu_order":0,"comment_status":"closed","ping_status":"closed","template":"","meta":{"site-sidebar-layout":"no-sidebar","site-content-layout":"page-builder","ast-site-content-layout":"full-width-container","site-content-style":"default","site-sidebar-style":"default","ast-global-header-display":"","ast-banner-title-visibility":"","ast-main-header-display":"","ast-hfb-above-header-display":"","ast-hfb-below-header-display":"","ast-hfb-mobile-header-display":"","site-post-title":"disabled","ast-breadcrumbs-content":"","ast-featured-img":"disabled","footer-sml-layout":"","theme-transparent-header-meta":"","adv-header-id-meta":"","stick-header-meta":"","header-above-stick-meta":"","header-main-stick-meta":"","header-below-stick-meta":"","astra-migrate-meta-layouts":"set","ast-page-background-enabled":"default","ast-page-background-meta":{"desktop":{"background-color":"","background-image":"","background-repeat":"repeat","background-position":"center center","background-size":"auto","background-attachment":"scroll","background-type":"","background-media":"","overlay-type":"","overlay-color":"","overlay-opacity":"","overlay-gradient":""},"tablet":{"background-color":"","background-image":"","background-repeat":"repeat","background-position":"center center","background-size":"auto","background-attachment":"scroll","background-type":"","background-media":"","overlay-type":"","overlay-color":"","overlay-opacity":"","overlay-gradient":""},"mobile":{"background-color":"","background-image":"","background-repeat":"repeat","background-position":"center center","background-size":"auto","background-attachment":"scroll","background-type":"","background-media":"","overlay-type":"","overlay-color":"","overlay-opacity":"","overlay-gradient":""}},"ast-content-background-meta":{"desktop":{"background-color":"var(--ast-global-color-5)","background-image":"","background-repeat":"repeat","background-position":"center center","background-size":"auto","background-attachment":"scroll","background-type":"","background-media":"","overlay-type":"","overlay-color":"","overlay-opacity":"","overlay-gradient":""},"tablet":{"background-color":"var(--ast-global-color-5)","background-image":"","background-repeat":"repeat","background-position":"center center","background-size":"auto","background-attachment":"scroll","background-type":"","background-media":"","overlay-type":"","overlay-color":"","overlay-opacity":"","overlay-gradient":""},"mobile":{"background-color":"var(--ast-global-color-5)","background-image":"","background-repeat":"repeat","background-position":"center center","background-size":"auto","background-attachment":"scroll","background-type":"","background-media":"","overlay-type":"","overlay-color":"","overlay-opacity":"","overlay-gradient":""}},"footnotes":""},"class_list":["post-2700","page","type-page","status-publish","hentry"],"yoast_head":"<!-- This site is optimized with the Yoast SEO plugin v27.2 - https:\/\/yoast.com\/product\/yoast-seo-wordpress\/ -->\n<title>Preki\u0173 pristatymo s\u0105lygos - Livetos svetain\u0117 - Su\u017einokite pristatymo s\u0105lygas<\/title>\n<meta name=\"description\" content=\"Su\u017einokite preki\u0173 pristatymo s\u0105lygas: terminai, pristatymo b\u016bdai ir svarbi informacija, u\u017etikrinanti greit\u0105 ir patikim\u0105 preki\u0173 pristatym\u0105.\" \/>\n<meta name=\"robots\" content=\"noindex, follow, max-snippet:-1, max-image-preview:large, max-video-preview:-1\" \/>\n<meta property=\"og:locale\" content=\"en_US\" \/>\n<meta property=\"og:type\" content=\"article\" \/>\n<meta property=\"og:title\" content=\"Preki\u0173 pristatymo s\u0105lygos - Livetos svetain\u0117 - Su\u017einokite pristatymo s\u0105lygas\" \/>\n<meta property=\"og:description\" content=\"Su\u017einokite preki\u0173 pristatymo s\u0105lygas: terminai, pristatymo b\u016bdai ir svarbi informacija, u\u017etikrinanti greit\u0105 ir patikim\u0105 preki\u0173 pristatym\u0105.\" \/>\n<meta property=\"og:url\" content=\"https:\/\/liveta.shop\/en\/prekiu-pristatymo-salygos\/\" \/>\n<meta property=\"og:site_name\" content=\"Livetos svetain\u0117\" \/>\n<meta property=\"article:modified_time\" content=\"2025-12-13T14:55:17+00:00\" \/>\n<meta property=\"og:image\" content=\"https:\/\/liveta.shop\/wp-content\/uploads\/2025\/11\/cropped-Sportex-Favicon-2.png\" \/>\n\t<meta property=\"og:image:width\" content=\"999\" \/>\n\t<meta property=\"og:image:height\" content=\"999\" \/>\n\t<meta property=\"og:image:type\" content=\"image\/png\" \/>\n<meta name=\"twitter:card\" content=\"summary_large_image\" \/>\n<meta name=\"twitter:label1\" content=\"Est. reading time\" \/>\n\t<meta name=\"twitter:data1\" content=\"2 minutes\" \/>\n<script type=\"application\/ld+json\" class=\"yoast-schema-graph\">{\"@context\":\"https:\/\/schema.org\",\"@graph\":[{\"@type\":\"WebPage\",\"@id\":\"https:\/\/liveta.shop\/prekiu-pristatymo-salygos\/\",\"url\":\"https:\/\/liveta.shop\/prekiu-pristatymo-salygos\/\",\"name\":\"Preki\u0173 pristatymo s\u0105lygos - Livetos svetain\u0117 - Su\u017einokite pristatymo s\u0105lygas\",\"isPartOf\":{\"@id\":\"https:\/\/liveta.shop\/#website\"},\"datePublished\":\"2025-11-17T12:51:05+00:00\",\"dateModified\":\"2025-12-13T14:55:17+00:00\",\"description\":\"Su\u017einokite preki\u0173 pristatymo s\u0105lygas: terminai, pristatymo b\u016bdai ir svarbi informacija, u\u017etikrinanti greit\u0105 ir patikim\u0105 preki\u0173 pristatym\u0105.\",\"breadcrumb\":{\"@id\":\"https:\/\/liveta.shop\/prekiu-pristatymo-salygos\/#breadcrumb\"},\"inLanguage\":\"en-US\",\"potentialAction\":[{\"@type\":\"ReadAction\",\"target\":[\"https:\/\/liveta.shop\/prekiu-pristatymo-salygos\/\"]}]},{\"@type\":\"BreadcrumbList\",\"@id\":\"https:\/\/liveta.shop\/prekiu-pristatymo-salygos\/#breadcrumb\",\"itemListElement\":[{\"@type\":\"ListItem\",\"position\":1,\"name\":\"Home\",\"item\":\"https:\/\/liveta.shop\/\"},{\"@type\":\"ListItem\",\"position\":2,\"name\":\"Preki\u0173 pristatymo s\u0105lygos\"}]},{\"@type\":\"WebSite\",\"@id\":\"https:\/\/liveta.shop\/#website\",\"url\":\"https:\/\/liveta.shop\/\",\"name\":\"Livetos svetaine\",\"description\":\"Sporto treniruokli\u0173 parduotuv\u0117\",\"publisher\":{\"@id\":\"https:\/\/liveta.shop\/#organization\"},\"potentialAction\":[{\"@type\":\"SearchAction\",\"target\":{\"@type\":\"EntryPoint\",\"urlTemplate\":\"https:\/\/liveta.shop\/?s={search_term_string}\"},\"query-input\":{\"@type\":\"PropertyValueSpecification\",\"valueRequired\":true,\"valueName\":\"search_term_string\"}}],\"inLanguage\":\"en-US\"},{\"@type\":\"Organization\",\"@id\":\"https:\/\/liveta.shop\/#organization\",\"name\":\"Livetos svetaine\",\"url\":\"https:\/\/liveta.shop\/\",\"logo\":{\"@type\":\"ImageObject\",\"inLanguage\":\"en-US\",\"@id\":\"https:\/\/liveta.shop\/#\/schema\/logo\/image\/\",\"url\":\"https:\/\/liveta.shop\/wp-content\/uploads\/2025\/11\/cropped-Sportex-Favicon-2.png\",\"contentUrl\":\"https:\/\/liveta.shop\/wp-content\/uploads\/2025\/11\/cropped-Sportex-Favicon-2.png\",\"width\":999,\"height\":999,\"caption\":\"Livetos svetaine\"},\"image\":{\"@id\":\"https:\/\/liveta.shop\/#\/schema\/logo\/image\/\"}}]}<\/script>\n<!-- \/ Yoast SEO plugin. -->","yoast_head_json":{"title":"Preki\u0173 pristatymo s\u0105lygos - Livetos svetain\u0117 - Su\u017einokite pristatymo s\u0105lygas","description":"Su\u017einokite preki\u0173 pristatymo s\u0105lygas: terminai, pristatymo b\u016bdai ir svarbi informacija, u\u017etikrinanti greit\u0105 ir patikim\u0105 preki\u0173 pristatym\u0105.","robots":{"index":"noindex","follow":"follow","max-snippet":"max-snippet:-1","max-image-preview":"max-image-preview:large","max-video-preview":"max-video-preview:-1"},"og_locale":"en_US","og_type":"article","og_title":"Preki\u0173 pristatymo s\u0105lygos - Livetos svetain\u0117 - Su\u017einokite pristatymo s\u0105lygas","og_description":"Su\u017einokite preki\u0173 pristatymo s\u0105lygas: terminai, pristatymo b\u016bdai ir svarbi informacija, u\u017etikrinanti greit\u0105 ir patikim\u0105 preki\u0173 pristatym\u0105.","og_url":"https:\/\/liveta.shop\/en\/prekiu-pristatymo-salygos\/","og_site_name":"Livetos svetain\u0117","article_modified_time":"2025-12-13T14:55:17+00:00","og_image":[{"width":999,"height":999,"url":"https:\/\/liveta.shop\/wp-content\/uploads\/2025\/11\/cropped-Sportex-Favicon-2.png","type":"image\/png"}],"twitter_card":"summary_large_image","twitter_misc":{"Est. reading time":"2 minutes"},"schema":{"@context":"https:\/\/schema.org","@graph":[{"@type":"WebPage","@id":"https:\/\/liveta.shop\/prekiu-pristatymo-salygos\/","url":"https:\/\/liveta.shop\/prekiu-pristatymo-salygos\/","name":"Preki\u0173 pristatymo s\u0105lygos - Livetos svetain\u0117 - Su\u017einokite pristatymo s\u0105lygas","isPartOf":{"@id":"https:\/\/liveta.shop\/#website"},"datePublished":"2025-11-17T12:51:05+00:00","dateModified":"2025-12-13T14:55:17+00:00","description":"Su\u017einokite preki\u0173 pristatymo s\u0105lygas: terminai, pristatymo b\u016bdai ir svarbi informacija, u\u017etikrinanti greit\u0105 ir patikim\u0105 preki\u0173 pristatym\u0105.","breadcrumb":{"@id":"https:\/\/liveta.shop\/prekiu-pristatymo-salygos\/#breadcrumb"},"inLanguage":"en-US","potentialAction":[{"@type":"ReadAction","target":["https:\/\/liveta.shop\/prekiu-pristatymo-salygos\/"]}]},{"@type":"BreadcrumbList","@id":"https:\/\/liveta.shop\/prekiu-pristatymo-salygos\/#breadcrumb","itemListElement":[{"@type":"ListItem","position":1,"name":"Home","item":"https:\/\/liveta.shop\/"},{"@type":"ListItem","position":2,"name":"Preki\u0173 pristatymo s\u0105lygos"}]},{"@type":"WebSite","@id":"https:\/\/liveta.shop\/#website","url":"https:\/\/liveta.shop\/","name":"Livetos svetaine","description":"Sporto treniruokli\u0173 parduotuv\u0117","publisher":{"@id":"https:\/\/liveta.shop\/#organization"},"potentialAction":[{"@type":"SearchAction","target":{"@type":"EntryPoint","urlTemplate":"https:\/\/liveta.shop\/?s={search_term_string}"},"query-input":{"@type":"PropertyValueSpecification","valueRequired":true,"valueName":"search_term_string"}}],"inLanguage":"en-US"},{"@type":"Organization","@id":"https:\/\/liveta.shop\/#organization","name":"Livetos svetaine","url":"https:\/\/liveta.shop\/","logo":{"@type":"ImageObject","inLanguage":"en-US","@id":"https:\/\/liveta.shop\/#\/schema\/logo\/image\/","url":"https:\/\/liveta.shop\/wp-content\/uploads\/2025\/11\/cropped-Sportex-Favicon-2.png","contentUrl":"https:\/\/liveta.shop\/wp-content\/uploads\/2025\/11\/cropped-Sportex-Favicon-2.png","width":999,"height":999,"caption":"Livetos svetaine"},"image":{"@id":"https:\/\/liveta.shop\/#\/schema\/logo\/image\/"}}]}},"_links":{"self":[{"href":"https:\/\/liveta.shop\/en\/wp-json\/wp\/v2\/pages\/2700","targetHints":{"allow":["GET"]}}],"collection":[{"href":"https:\/\/liveta.shop\/en\/wp-json\/wp\/v2\/pages"}],"about":[{"href":"https:\/\/liveta.shop\/en\/wp-json\/wp\/v2\/types\/page"}],"author":[{"embeddable":true,"href":"https:\/\/liveta.shop\/en\/wp-json\/wp\/v2\/users\/1"}],"replies":[{"embeddable":true,"href":"https:\/\/liveta.shop\/en\/wp-json\/wp\/v2\/comments?post=2700"}],"version-history":[{"count":22,"href":"https:\/\/liveta.shop\/en\/wp-json\/wp\/v2\/pages\/2700\/revisions"}],"predecessor-version":[{"id":3692,"href":"https:\/\/liveta.shop\/en\/wp-json\/wp\/v2\/pages\/2700\/revisions\/3692"}],"wp:attachment":[{"href":"https:\/\/liveta.shop\/en\/wp-json\/wp\/v2\/media?parent=2700"}],"curies":[{"name":"wp","href":"https:\/\/api.w.org\/{rel}","templated":true}]}}