{"id":2026,"date":"2025-11-10T13:57:10","date_gmt":"2025-11-10T13:57:10","guid":{"rendered":"https:\/\/liveta.shop\/contact\/"},"modified":"2025-12-13T14:58:48","modified_gmt":"2025-12-13T14:58:48","slug":"kontaktai","status":"publish","type":"page","link":"https:\/\/liveta.shop\/en\/kontaktai\/","title":{"rendered":"Susisiekime"},"content":{"rendered":"\t\t<div data-elementor-type=\"wp-page\" data-elementor-id=\"2026\" class=\"elementor elementor-2026\" data-elementor-post-type=\"page\">\n\t\t\t\t<div class=\"elementor-element elementor-element-ee6b098 e-flex e-con-boxed e-con e-parent\" data-id=\"ee6b098\" data-element_type=\"container\" data-e-type=\"container\" data-settings=\"{&quot;background_background&quot;:&quot;video&quot;,&quot;background_video_link&quot;:&quot;https:\\\/\\\/liveta.shop\\\/wp-content\\\/uploads\\\/2025\\\/11\\\/Video-Project.mp4&quot;,&quot;background_play_on_mobile&quot;:&quot;yes&quot;}\">\n\t\t\t\t\t<div class=\"e-con-inner\">\n\t\t<div class=\"elementor-background-video-container\">\n\t\t\t\t\t\t\t<video class=\"elementor-background-video-hosted\" role=\"presentation\" autoplay muted playsinline loop><\/video>\n\t\t\t\t\t<\/div><div class=\"elementor-element elementor-element-93eb822 e-con-full e-flex e-con e-child\" data-id=\"93eb822\" data-element_type=\"container\" data-e-type=\"container\">\n\t\t\t\t<div class=\"elementor-element elementor-element-36e7849 elementor-widget elementor-widget-heading\" data-id=\"36e7849\" data-element_type=\"widget\" data-e-type=\"widget\" data-widget_type=\"heading.default\">\n\t\t\t\t<div class=\"elementor-widget-container\">\n\t\t\t\t\t<h1 class=\"elementor-heading-title elementor-size-default\">susisiekime<\/h1>\t\t\t\t<\/div>\n\t\t\t\t<\/div>\n\t\t\t\t<\/div>\n\t\t\t\t\t<\/div>\n\t\t\t\t<\/div>\n\t\t<div class=\"elementor-element elementor-element-b4d2886 e-flex e-con-boxed e-con e-parent\" data-id=\"b4d2886\" data-element_type=\"container\" data-e-type=\"container\">\n\t\t\t\t\t<div class=\"e-con-inner\">\n\t\t\t\t<div class=\"elementor-element elementor-element-35bfc7d elementor-widget elementor-widget-spacer\" data-id=\"35bfc7d\" data-element_type=\"widget\" data-e-type=\"widget\" data-widget_type=\"spacer.default\">\n\t\t\t\t<div class=\"elementor-widget-container\">\n\t\t\t\t\t\t\t<div class=\"elementor-spacer\">\n\t\t\t<div class=\"elementor-spacer-inner\"><\/div>\n\t\t<\/div>\n\t\t\t\t\t\t<\/div>\n\t\t\t\t<\/div>\n\t\t\t\t<div class=\"elementor-element elementor-element-1d27701 elementor-widget elementor-widget-text-editor\" data-id=\"1d27701\" data-element_type=\"widget\" data-e-type=\"widget\" data-widget_type=\"text-editor.default\">\n\t\t\t\t<div class=\"elementor-widget-container\">\n\t\t\t\t\t\t\t\t\t<p>Jei turite klausim\u0173 apie produktus, j\u0173 sud\u0117t\u012f ar kainas- galime pad\u0117ti bet kuriuo metu.<\/p>\t\t\t\t\t\t\t\t<\/div>\n\t\t\t\t<\/div>\n\t\t\t\t\t<\/div>\n\t\t\t\t<\/div>\n\t\t<div class=\"elementor-element elementor-element-8001eca e-flex e-con-boxed e-con e-parent\" data-id=\"8001eca\" data-element_type=\"container\" data-e-type=\"container\">\n\t\t\t\t\t<div class=\"e-con-inner\">\n\t\t<div class=\"elementor-element elementor-element-9a2be0c e-con-full e-flex e-con e-child\" data-id=\"9a2be0c\" data-element_type=\"container\" data-e-type=\"container\">\n\t\t\t\t<div class=\"elementor-element elementor-element-341c7a7 elementor-view-framed elementor-position-inline-start elementor-shape-circle elementor-mobile-position-block-start elementor-widget elementor-widget-icon-box\" data-id=\"341c7a7\" data-element_type=\"widget\" data-e-type=\"widget\" data-widget_type=\"icon-box.default\">\n\t\t\t\t<div class=\"elementor-widget-container\">\n\t\t\t\t\t\t\t<div class=\"elementor-icon-box-wrapper\">\n\n\t\t\t\t\t\t<div class=\"elementor-icon-box-icon\">\n\t\t\t\t<a href=\"tel:+370%20600%2000000\" target=\"_blank\" class=\"elementor-icon\" tabindex=\"-1\" aria-label=\"telefonas\">\n\t\t\t\t<i aria-hidden=\"true\" class=\"fas fa-phone-alt\"><\/i>\t\t\t\t<\/a>\n\t\t\t<\/div>\n\t\t\t\n\t\t\t\t\t\t<div class=\"elementor-icon-box-content\">\n\n\t\t\t\t\t\t\t\t\t<h5 class=\"elementor-icon-box-title\">\n\t\t\t\t\t\t<a href=\"tel:+370%20600%2000000\" target=\"_blank\" >\n\t\t\t\t\t\t\ttelefonas\t\t\t\t\t\t<\/a>\n\t\t\t\t\t<\/h5>\n\t\t\t\t\n\t\t\t\t\t\t\t\t\t<p class=\"elementor-icon-box-description\">\n\t\t\t\t\t\t+370 600 00000\t\t\t\t\t<\/p>\n\t\t\t\t\n\t\t\t<\/div>\n\t\t\t\n\t\t<\/div>\n\t\t\t\t\t\t<\/div>\n\t\t\t\t<\/div>\n\t\t\t\t<div class=\"elementor-element elementor-element-15f71e2 elementor-view-framed elementor-position-inline-start elementor-shape-circle elementor-mobile-position-block-start elementor-widget elementor-widget-icon-box\" data-id=\"15f71e2\" data-element_type=\"widget\" data-e-type=\"widget\" data-widget_type=\"icon-box.default\">\n\t\t\t\t<div class=\"elementor-widget-container\">\n\t\t\t\t\t\t\t<div class=\"elementor-icon-box-wrapper\">\n\n\t\t\t\t\t\t<div class=\"elementor-icon-box-icon\">\n\t\t\t\t<a href=\"http:\/\/facebook.com\/sportuok\" target=\"_blank\" class=\"elementor-icon\" tabindex=\"-1\" aria-label=\"facebook\">\n\t\t\t\t<i aria-hidden=\"true\" class=\"fab fa-facebook\"><\/i>\t\t\t\t<\/a>\n\t\t\t<\/div>\n\t\t\t\n\t\t\t\t\t\t<div class=\"elementor-icon-box-content\">\n\n\t\t\t\t\t\t\t\t\t<h5 class=\"elementor-icon-box-title\">\n\t\t\t\t\t\t<a href=\"http:\/\/facebook.com\/sportuok\" target=\"_blank\" >\n\t\t\t\t\t\t\tfacebook\t\t\t\t\t\t<\/a>\n\t\t\t\t\t<\/h5>\n\t\t\t\t\n\t\t\t\t\t\t\t\t\t<p class=\"elementor-icon-box-description\">\n\t\t\t\t\t\tfacebook.com\/sportuok\t\t\t\t\t<\/p>\n\t\t\t\t\n\t\t\t<\/div>\n\t\t\t\n\t\t<\/div>\n\t\t\t\t\t\t<\/div>\n\t\t\t\t<\/div>\n\t\t\t\t<div class=\"elementor-element elementor-element-44178ae elementor-view-framed elementor-position-inline-start elementor-shape-circle elementor-mobile-position-block-start elementor-widget elementor-widget-icon-box\" data-id=\"44178ae\" data-element_type=\"widget\" data-e-type=\"widget\" data-widget_type=\"icon-box.default\">\n\t\t\t\t<div class=\"elementor-widget-container\">\n\t\t\t\t\t\t\t<div class=\"elementor-icon-box-wrapper\">\n\n\t\t\t\t\t\t<div class=\"elementor-icon-box-icon\">\n\t\t\t\t<a href=\"mailto:info@sportuok.lt\" target=\"_blank\" class=\"elementor-icon\" tabindex=\"-1\" aria-label=\"el. pa\u0161tas\">\n\t\t\t\t<i aria-hidden=\"true\" class=\"far fa-paper-plane\"><\/i>\t\t\t\t<\/a>\n\t\t\t<\/div>\n\t\t\t\n\t\t\t\t\t\t<div class=\"elementor-icon-box-content\">\n\n\t\t\t\t\t\t\t\t\t<h5 class=\"elementor-icon-box-title\">\n\t\t\t\t\t\t<a href=\"mailto:info@sportuok.lt\" target=\"_blank\" >\n\t\t\t\t\t\t\tel. pa\u0161tas\t\t\t\t\t\t<\/a>\n\t\t\t\t\t<\/h5>\n\t\t\t\t\n\t\t\t\t\t\t\t\t\t<p class=\"elementor-icon-box-description\">\n\t\t\t\t\t\tinfo@sportuok.lt\t\t\t\t\t<\/p>\n\t\t\t\t\n\t\t\t<\/div>\n\t\t\t\n\t\t<\/div>\n\t\t\t\t\t\t<\/div>\n\t\t\t\t<\/div>\n\t\t\t\t<div class=\"elementor-element elementor-element-2772d6b elementor-view-framed elementor-position-inline-start elementor-shape-circle elementor-mobile-position-block-start elementor-widget elementor-widget-icon-box\" data-id=\"2772d6b\" data-element_type=\"widget\" data-e-type=\"widget\" data-widget_type=\"icon-box.default\">\n\t\t\t\t<div class=\"elementor-widget-container\">\n\t\t\t\t\t\t\t<div class=\"elementor-icon-box-wrapper\">\n\n\t\t\t\t\t\t<div class=\"elementor-icon-box-icon\">\n\t\t\t\t<a href=\"https:\/\/www.google.com\/maps?ll=54.898114,23.900401&#038;z=16&#038;t=m&#038;hl=lt-LT&#038;gl=US&#038;mapclient=embed&#038;q=Savanori%C5%B3+pr.+1+Kaunas+44255+Kauno+m.+sav.\" target=\"_blank\" class=\"elementor-icon\" tabindex=\"-1\" aria-label=\"adresas\">\n\t\t\t\t<i aria-hidden=\"true\" class=\"fas fa-house-user\"><\/i>\t\t\t\t<\/a>\n\t\t\t<\/div>\n\t\t\t\n\t\t\t\t\t\t<div class=\"elementor-icon-box-content\">\n\n\t\t\t\t\t\t\t\t\t<h5 class=\"elementor-icon-box-title\">\n\t\t\t\t\t\t<a href=\"https:\/\/www.google.com\/maps?ll=54.898114,23.900401&#038;z=16&#038;t=m&#038;hl=lt-LT&#038;gl=US&#038;mapclient=embed&#038;q=Savanori%C5%B3+pr.+1+Kaunas+44255+Kauno+m.+sav.\" target=\"_blank\" >\n\t\t\t\t\t\t\tadresas\t\t\t\t\t\t<\/a>\n\t\t\t\t\t<\/h5>\n\t\t\t\t\n\t\t\t\t\t\t\t\t\t<p class=\"elementor-icon-box-description\">\n\t\t\t\t\t\t\nSavanori\u0173 pr. 1, Kaunas \t\t\t\t\t<\/p>\n\t\t\t\t\n\t\t\t<\/div>\n\t\t\t\n\t\t<\/div>\n\t\t\t\t\t\t<\/div>\n\t\t\t\t<\/div>\n\t\t\t\t<div class=\"elementor-element elementor-element-898f414 elementor-view-framed elementor-position-inline-start elementor-shape-circle elementor-mobile-position-block-start elementor-widget elementor-widget-icon-box\" data-id=\"898f414\" data-element_type=\"widget\" data-e-type=\"widget\" data-widget_type=\"icon-box.default\">\n\t\t\t\t<div class=\"elementor-widget-container\">\n\t\t\t\t\t\t\t<div class=\"elementor-icon-box-wrapper\">\n\n\t\t\t\t\t\t<div class=\"elementor-icon-box-icon\">\n\t\t\t\t<span  class=\"elementor-icon\">\n\t\t\t\t<i aria-hidden=\"true\" class=\"far fa-clock\"><\/i>\t\t\t\t<\/span>\n\t\t\t<\/div>\n\t\t\t\n\t\t\t\t\t\t<div class=\"elementor-icon-box-content\">\n\n\t\t\t\t\t\t\t\t\t<h5 class=\"elementor-icon-box-title\">\n\t\t\t\t\t\t<span  >\n\t\t\t\t\t\t\t10:00 iki 18:00\t\t\t\t\t\t<\/span>\n\t\t\t\t\t<\/h5>\n\t\t\t\t\n\t\t\t\t\t\t\t\t\t<p class=\"elementor-icon-box-description\">\n\t\t\t\t\t\tPirmadienis - Penktadienis.\t\t\t\t\t<\/p>\n\t\t\t\t\n\t\t\t<\/div>\n\t\t\t\n\t\t<\/div>\n\t\t\t\t\t\t<\/div>\n\t\t\t\t<\/div>\n\t\t\t\t<\/div>\n\t\t<div class=\"elementor-element elementor-element-43efb6b e-con-full e-transform e-flex e-con e-child\" data-id=\"43efb6b\" data-element_type=\"container\" data-e-type=\"container\" data-settings=\"{&quot;_transform_scale_effect&quot;:{&quot;unit&quot;:&quot;px&quot;,&quot;size&quot;:&quot;&quot;,&quot;sizes&quot;:[]},&quot;_transform_scale_effect_tablet&quot;:{&quot;unit&quot;:&quot;px&quot;,&quot;size&quot;:&quot;&quot;,&quot;sizes&quot;:[]},&quot;_transform_scale_effect_mobile&quot;:{&quot;unit&quot;:&quot;px&quot;,&quot;size&quot;:&quot;&quot;,&quot;sizes&quot;:[]}}\">\n\t\t\t\t<div class=\"elementor-element elementor-element-a1e60df elementor-widget elementor-widget-heading\" data-id=\"a1e60df\" data-element_type=\"widget\" data-e-type=\"widget\" data-widget_type=\"heading.default\">\n\t\t\t\t<div class=\"elementor-widget-container\">\n\t\t\t\t\t<h4 class=\"elementor-heading-title elementor-size-default\">para\u0161ykite mums<\/h4>\t\t\t\t<\/div>\n\t\t\t\t<\/div>\n\t\t\t\t<div class=\"elementor-element elementor-element-6d171fb elementor-button-align-start elementor-widget elementor-widget-form\" data-id=\"6d171fb\" data-element_type=\"widget\" data-e-type=\"widget\" data-settings=\"{&quot;step_next_label&quot;:&quot;Sekantis&quot;,&quot;step_previous_label&quot;:&quot;Buv\\u0119s&quot;,&quot;button_width&quot;:&quot;100&quot;,&quot;step_type&quot;:&quot;number_text&quot;,&quot;step_icon_shape&quot;:&quot;circle&quot;}\" data-widget_type=\"form.default\">\n\t\t\t\t<div class=\"elementor-widget-container\">\n\t\t\t\t\t\t\t<form class=\"elementor-form\" method=\"post\" name=\"New Form\" aria-label=\"New Form\">\n\t\t\t<input type=\"hidden\" name=\"post_id\" value=\"2026\"\/>\n\t\t\t<input type=\"hidden\" name=\"form_id\" value=\"6d171fb\"\/>\n\t\t\t<input type=\"hidden\" name=\"referer_title\" value=\"Kontaktai - Livetos svetain\u0117 - Susisiekite su mumis lengvai ir greitai\" \/>\n\n\t\t\t\t\t\t\t<input type=\"hidden\" name=\"queried_id\" value=\"2026\"\/>\n\t\t\t\n\t\t\t<div class=\"elementor-form-fields-wrapper elementor-labels-above\">\n\t\t\t\t\t\t\t\t<div class=\"elementor-field-type-text elementor-field-group elementor-column elementor-field-group-name elementor-col-100\">\n\t\t\t\t\t\t\t\t\t\t\t\t\t<input size=\"1\" type=\"text\" name=\"form_fields[name]\" id=\"form-field-name\" class=\"elementor-field elementor-size-md  elementor-field-textual\" placeholder=\"Vardas\">\n\t\t\t\t\t\t\t\t\t\t\t<\/div>\n\t\t\t\t\t\t\t\t<div class=\"elementor-field-type-email elementor-field-group elementor-column elementor-field-group-email elementor-col-100 elementor-field-required\">\n\t\t\t\t\t\t\t\t\t\t\t\t\t<input size=\"1\" type=\"email\" name=\"form_fields[email]\" id=\"form-field-email\" class=\"elementor-field elementor-size-md  elementor-field-textual\" placeholder=\"El. pa\u0161tas\" required=\"required\">\n\t\t\t\t\t\t\t\t\t\t\t<\/div>\n\t\t\t\t\t\t\t\t<div class=\"elementor-field-type-textarea elementor-field-group elementor-column elementor-field-group-message elementor-col-100\">\n\t\t\t\t\t<textarea class=\"elementor-field-textual elementor-field  elementor-size-md\" name=\"form_fields[message]\" id=\"form-field-message\" rows=\"4\" placeholder=\"\u017dinut\u0117\"><\/textarea>\t\t\t\t<\/div>\n\t\t\t\t\t\t\t\t<div class=\"elementor-field-type-recaptcha_v3 elementor-field-group elementor-column elementor-field-group-field_c323ae5 elementor-col-100 recaptcha_v3-inline\">\n\t\t\t\t\t<div class=\"elementor-field\" id=\"form-field-field_c323ae5\"><div class=\"elementor-g-recaptcha\" data-sitekey=\"6LdamA8sAAAAAHS9_QciGG0Kqg5GfGQ_XTf8R_p0\" data-type=\"v3\" data-action=\"Form\" data-badge=\"inline\" data-size=\"invisible\"><\/div><\/div>\t\t\t\t<\/div>\n\t\t\t\t\t\t\t\t<div class=\"elementor-field-group elementor-column elementor-field-type-submit elementor-col-100 e-form__buttons\">\n\t\t\t\t\t<button class=\"elementor-button elementor-size-sm\" type=\"submit\">\n\t\t\t\t\t\t<span class=\"elementor-button-content-wrapper\">\n\t\t\t\t\t\t\t\t\t\t\t\t\t\t\t<span class=\"elementor-button-icon\">\n\t\t\t\t\t\t\t\t\t<i aria-hidden=\"true\" class=\"far fa-caret-square-right\"><\/i>\t\t\t\t\t\t\t\t\t\t\t\t\t\t\t\t\t<\/span>\n\t\t\t\t\t\t\t\t\t\t\t\t\t\t\t\t\t\t\t\t\t\t<span class=\"elementor-button-text\">Si\u0173sti \u017einut\u0119<\/span>\n\t\t\t\t\t\t\t\t\t\t\t\t\t<\/span>\n\t\t\t\t\t<\/button>\n\t\t\t\t<\/div>\n\t\t\t<\/div>\n\t\t<\/form>\n\t\t\t\t\t\t<\/div>\n\t\t\t\t<\/div>\n\t\t\t\t<\/div>\n\t\t\t\t\t<\/div>\n\t\t\t\t<\/div>\n\t\t<div class=\"elementor-element elementor-element-0bc1a01 e-con-full e-flex e-con e-parent\" data-id=\"0bc1a01\" data-element_type=\"container\" data-e-type=\"container\">\n\t\t\t\t<div class=\"elementor-element elementor-element-d4f67fd elementor-widget elementor-widget-spacer\" data-id=\"d4f67fd\" data-element_type=\"widget\" data-e-type=\"widget\" data-widget_type=\"spacer.default\">\n\t\t\t\t<div class=\"elementor-widget-container\">\n\t\t\t\t\t\t\t<div class=\"elementor-spacer\">\n\t\t\t<div class=\"elementor-spacer-inner\"><\/div>\n\t\t<\/div>\n\t\t\t\t\t\t<\/div>\n\t\t\t\t<\/div>\n\t\t\t\t<div class=\"elementor-element elementor-element-38d72b4 elementor-widget elementor-widget-google_maps\" data-id=\"38d72b4\" data-element_type=\"widget\" data-e-type=\"widget\" data-widget_type=\"google_maps.default\">\n\t\t\t\t<div class=\"elementor-widget-container\">\n\t\t\t\t\t\t\t<div class=\"elementor-custom-embed\">\n\t\t\t<iframe loading=\"lazy\"\n\t\t\t\t\tsrc=\"https:\/\/maps.google.com\/maps?q=Savanori%C5%B3%20pr.%201%2C%20Kaunas%2C%2044255%20Kauno%20m.%20sav.&#038;t=m&#038;z=16&#038;output=embed&#038;iwloc=near\"\n\t\t\t\t\ttitle=\"Savanori\u0173 pr. 1, Kaunas, 44255 Kauno m. sav.\"\n\t\t\t\t\taria-label=\"Savanori\u0173 pr. 1, Kaunas, 44255 Kauno m. sav.\"\n\t\t\t><\/iframe>\n\t\t<\/div>\n\t\t\t\t\t\t<\/div>\n\t\t\t\t<\/div>\n\t\t\t\t<\/div>\n\t\t\t\t<\/div>\n\t\t","protected":false},"excerpt":{"rendered":"<p>susisiekime Jei turite klausim\u0173 apie produktus, j\u0173 sud\u0117t\u012f ar kainas- galime pad\u0117ti bet kuriuo metu. telefonas +370 600 00000 facebook facebook.com\/sportuok el. pa\u0161tas info@sportuok.lt adresas Savanori\u0173 pr. 1, Kaunas 10:00 iki 18:00 Pirmadienis &#8211; Penktadienis. para\u0161ykite mums<\/p>","protected":false},"author":1,"featured_media":0,"parent":0,"menu_order":0,"comment_status":"closed","ping_status":"closed","template":"","meta":{"site-sidebar-layout":"no-sidebar","site-content-layout":"page-builder","ast-site-content-layout":"full-width-container","site-content-style":"unboxed","site-sidebar-style":"unboxed","ast-global-header-display":"","ast-banner-title-visibility":"","ast-main-header-display":"","ast-hfb-above-header-display":"","ast-hfb-below-header-display":"","ast-hfb-mobile-header-display":"","site-post-title":"disabled","ast-breadcrumbs-content":"disabled","ast-featured-img":"disabled","footer-sml-layout":"","theme-transparent-header-meta":"enabled","adv-header-id-meta":"","stick-header-meta":"","header-above-stick-meta":"","header-main-stick-meta":"","header-below-stick-meta":"","astra-migrate-meta-layouts":"set","ast-page-background-enabled":"default","ast-page-background-meta":{"desktop":{"background-color":"","background-image":"","background-repeat":"repeat","background-position":"center center","background-size":"auto","background-attachment":"scroll","background-type":"","background-media":"","overlay-type":"","overlay-color":"","overlay-opacity":"","overlay-gradient":""},"tablet":{"background-color":"","background-image":"","background-repeat":"repeat","background-position":"center center","background-size":"auto","background-attachment":"scroll","background-type":"","background-media":"","overlay-type":"","overlay-color":"","overlay-opacity":"","overlay-gradient":""},"mobile":{"background-color":"","background-image":"","background-repeat":"repeat","background-position":"center center","background-size":"auto","background-attachment":"scroll","background-type":"","background-media":"","overlay-type":"","overlay-color":"","overlay-opacity":"","overlay-gradient":""}},"ast-content-background-meta":{"desktop":{"background-color":"var(--ast-global-color-5)","background-image":"","background-repeat":"repeat","background-position":"center center","background-size":"auto","background-attachment":"scroll","background-type":"","background-media":"","overlay-type":"","overlay-color":"","overlay-opacity":"","overlay-gradient":""},"tablet":{"background-color":"var(--ast-global-color-5)","background-image":"","background-repeat":"repeat","background-position":"center center","background-size":"auto","background-attachment":"scroll","background-type":"","background-media":"","overlay-type":"","overlay-color":"","overlay-opacity":"","overlay-gradient":""},"mobile":{"background-color":"var(--ast-global-color-5)","background-image":"","background-repeat":"repeat","background-position":"center center","background-size":"auto","background-attachment":"scroll","background-type":"","background-media":"","overlay-type":"","overlay-color":"","overlay-opacity":"","overlay-gradient":""}},"footnotes":""},"class_list":["post-2026","page","type-page","status-publish","hentry"],"yoast_head":"<!-- This site is optimized with the Yoast SEO plugin v27.2 - https:\/\/yoast.com\/product\/yoast-seo-wordpress\/ -->\n<title>Kontaktai - Livetos svetain\u0117 - Susisiekite su mumis lengvai ir greitai<\/title>\n<meta name=\"description\" content=\"Susisiekite su mumis lengvai ir greitai. \u010cia rasite kontaktin\u0119 informacij\u0105, el. pa\u0161t\u0105, telefon\u0105 ir kitus b\u016bdus, jog susisiektum\u0117te su mumis.\" \/>\n<meta name=\"robots\" content=\"noindex, follow, max-snippet:-1, max-image-preview:large, max-video-preview:-1\" \/>\n<meta property=\"og:locale\" content=\"en_US\" \/>\n<meta property=\"og:type\" content=\"article\" \/>\n<meta property=\"og:title\" content=\"Kontaktai - Livetos svetain\u0117 - Susisiekite su mumis lengvai ir greitai\" \/>\n<meta property=\"og:description\" content=\"Susisiekite su mumis lengvai ir greitai. \u010cia rasite kontaktin\u0119 informacij\u0105, el. pa\u0161t\u0105, telefon\u0105 ir kitus b\u016bdus, jog susisiektum\u0117te su mumis.\" \/>\n<meta property=\"og:url\" content=\"https:\/\/liveta.shop\/en\/kontaktai\/\" \/>\n<meta property=\"og:site_name\" content=\"Livetos svetain\u0117\" \/>\n<meta property=\"article:modified_time\" content=\"2025-12-13T14:58:48+00:00\" \/>\n<meta property=\"og:image\" content=\"https:\/\/liveta.shop\/wp-content\/uploads\/2025\/11\/cropped-Sportex-Favicon-2.png\" \/>\n\t<meta property=\"og:image:width\" content=\"999\" \/>\n\t<meta property=\"og:image:height\" content=\"999\" \/>\n\t<meta property=\"og:image:type\" content=\"image\/png\" \/>\n<meta name=\"twitter:card\" content=\"summary_large_image\" \/>\n<meta name=\"twitter:label1\" content=\"Est. reading time\" \/>\n\t<meta name=\"twitter:data1\" content=\"1 minute\" \/>\n<script type=\"application\/ld+json\" class=\"yoast-schema-graph\">{\"@context\":\"https:\/\/schema.org\",\"@graph\":[{\"@type\":\"WebPage\",\"@id\":\"https:\/\/liveta.shop\/kontaktai\/\",\"url\":\"https:\/\/liveta.shop\/kontaktai\/\",\"name\":\"Kontaktai - Livetos svetain\u0117 - Susisiekite su mumis lengvai ir greitai\",\"isPartOf\":{\"@id\":\"https:\/\/liveta.shop\/#website\"},\"datePublished\":\"2025-11-10T13:57:10+00:00\",\"dateModified\":\"2025-12-13T14:58:48+00:00\",\"description\":\"Susisiekite su mumis lengvai ir greitai. \u010cia rasite kontaktin\u0119 informacij\u0105, el. pa\u0161t\u0105, telefon\u0105 ir kitus b\u016bdus, jog susisiektum\u0117te su mumis.\",\"breadcrumb\":{\"@id\":\"https:\/\/liveta.shop\/kontaktai\/#breadcrumb\"},\"inLanguage\":\"en-US\",\"potentialAction\":[{\"@type\":\"ReadAction\",\"target\":[\"https:\/\/liveta.shop\/kontaktai\/\"]}]},{\"@type\":\"BreadcrumbList\",\"@id\":\"https:\/\/liveta.shop\/kontaktai\/#breadcrumb\",\"itemListElement\":[{\"@type\":\"ListItem\",\"position\":1,\"name\":\"Home\",\"item\":\"https:\/\/liveta.shop\/\"},{\"@type\":\"ListItem\",\"position\":2,\"name\":\"Susisiekime\"}]},{\"@type\":\"WebSite\",\"@id\":\"https:\/\/liveta.shop\/#website\",\"url\":\"https:\/\/liveta.shop\/\",\"name\":\"Livetos svetaine\",\"description\":\"Sporto treniruokli\u0173 parduotuv\u0117\",\"publisher\":{\"@id\":\"https:\/\/liveta.shop\/#organization\"},\"potentialAction\":[{\"@type\":\"SearchAction\",\"target\":{\"@type\":\"EntryPoint\",\"urlTemplate\":\"https:\/\/liveta.shop\/?s={search_term_string}\"},\"query-input\":{\"@type\":\"PropertyValueSpecification\",\"valueRequired\":true,\"valueName\":\"search_term_string\"}}],\"inLanguage\":\"en-US\"},{\"@type\":\"Organization\",\"@id\":\"https:\/\/liveta.shop\/#organization\",\"name\":\"Livetos svetaine\",\"url\":\"https:\/\/liveta.shop\/\",\"logo\":{\"@type\":\"ImageObject\",\"inLanguage\":\"en-US\",\"@id\":\"https:\/\/liveta.shop\/#\/schema\/logo\/image\/\",\"url\":\"https:\/\/liveta.shop\/wp-content\/uploads\/2025\/11\/cropped-Sportex-Favicon-2.png\",\"contentUrl\":\"https:\/\/liveta.shop\/wp-content\/uploads\/2025\/11\/cropped-Sportex-Favicon-2.png\",\"width\":999,\"height\":999,\"caption\":\"Livetos svetaine\"},\"image\":{\"@id\":\"https:\/\/liveta.shop\/#\/schema\/logo\/image\/\"}}]}<\/script>\n<!-- \/ Yoast SEO plugin. -->","yoast_head_json":{"title":"Kontaktai - Livetos svetain\u0117 - Susisiekite su mumis lengvai ir greitai","description":"Susisiekite su mumis lengvai ir greitai. \u010cia rasite kontaktin\u0119 informacij\u0105, el. pa\u0161t\u0105, telefon\u0105 ir kitus b\u016bdus, jog susisiektum\u0117te su mumis.","robots":{"index":"noindex","follow":"follow","max-snippet":"max-snippet:-1","max-image-preview":"max-image-preview:large","max-video-preview":"max-video-preview:-1"},"og_locale":"en_US","og_type":"article","og_title":"Kontaktai - Livetos svetain\u0117 - Susisiekite su mumis lengvai ir greitai","og_description":"Susisiekite su mumis lengvai ir greitai. \u010cia rasite kontaktin\u0119 informacij\u0105, el. pa\u0161t\u0105, telefon\u0105 ir kitus b\u016bdus, jog susisiektum\u0117te su mumis.","og_url":"https:\/\/liveta.shop\/en\/kontaktai\/","og_site_name":"Livetos svetain\u0117","article_modified_time":"2025-12-13T14:58:48+00:00","og_image":[{"width":999,"height":999,"url":"https:\/\/liveta.shop\/wp-content\/uploads\/2025\/11\/cropped-Sportex-Favicon-2.png","type":"image\/png"}],"twitter_card":"summary_large_image","twitter_misc":{"Est. reading time":"1 minute"},"schema":{"@context":"https:\/\/schema.org","@graph":[{"@type":"WebPage","@id":"https:\/\/liveta.shop\/kontaktai\/","url":"https:\/\/liveta.shop\/kontaktai\/","name":"Kontaktai - Livetos svetain\u0117 - Susisiekite su mumis lengvai ir greitai","isPartOf":{"@id":"https:\/\/liveta.shop\/#website"},"datePublished":"2025-11-10T13:57:10+00:00","dateModified":"2025-12-13T14:58:48+00:00","description":"Susisiekite su mumis lengvai ir greitai. \u010cia rasite kontaktin\u0119 informacij\u0105, el. pa\u0161t\u0105, telefon\u0105 ir kitus b\u016bdus, jog susisiektum\u0117te su mumis.","breadcrumb":{"@id":"https:\/\/liveta.shop\/kontaktai\/#breadcrumb"},"inLanguage":"en-US","potentialAction":[{"@type":"ReadAction","target":["https:\/\/liveta.shop\/kontaktai\/"]}]},{"@type":"BreadcrumbList","@id":"https:\/\/liveta.shop\/kontaktai\/#breadcrumb","itemListElement":[{"@type":"ListItem","position":1,"name":"Home","item":"https:\/\/liveta.shop\/"},{"@type":"ListItem","position":2,"name":"Susisiekime"}]},{"@type":"WebSite","@id":"https:\/\/liveta.shop\/#website","url":"https:\/\/liveta.shop\/","name":"Livetos svetaine","description":"Sporto treniruokli\u0173 parduotuv\u0117","publisher":{"@id":"https:\/\/liveta.shop\/#organization"},"potentialAction":[{"@type":"SearchAction","target":{"@type":"EntryPoint","urlTemplate":"https:\/\/liveta.shop\/?s={search_term_string}"},"query-input":{"@type":"PropertyValueSpecification","valueRequired":true,"valueName":"search_term_string"}}],"inLanguage":"en-US"},{"@type":"Organization","@id":"https:\/\/liveta.shop\/#organization","name":"Livetos svetaine","url":"https:\/\/liveta.shop\/","logo":{"@type":"ImageObject","inLanguage":"en-US","@id":"https:\/\/liveta.shop\/#\/schema\/logo\/image\/","url":"https:\/\/liveta.shop\/wp-content\/uploads\/2025\/11\/cropped-Sportex-Favicon-2.png","contentUrl":"https:\/\/liveta.shop\/wp-content\/uploads\/2025\/11\/cropped-Sportex-Favicon-2.png","width":999,"height":999,"caption":"Livetos svetaine"},"image":{"@id":"https:\/\/liveta.shop\/#\/schema\/logo\/image\/"}}]}},"_links":{"self":[{"href":"https:\/\/liveta.shop\/en\/wp-json\/wp\/v2\/pages\/2026","targetHints":{"allow":["GET"]}}],"collection":[{"href":"https:\/\/liveta.shop\/en\/wp-json\/wp\/v2\/pages"}],"about":[{"href":"https:\/\/liveta.shop\/en\/wp-json\/wp\/v2\/types\/page"}],"author":[{"embeddable":true,"href":"https:\/\/liveta.shop\/en\/wp-json\/wp\/v2\/users\/1"}],"replies":[{"embeddable":true,"href":"https:\/\/liveta.shop\/en\/wp-json\/wp\/v2\/comments?post=2026"}],"version-history":[{"count":85,"href":"https:\/\/liveta.shop\/en\/wp-json\/wp\/v2\/pages\/2026\/revisions"}],"predecessor-version":[{"id":3716,"href":"https:\/\/liveta.shop\/en\/wp-json\/wp\/v2\/pages\/2026\/revisions\/3716"}],"wp:attachment":[{"href":"https:\/\/liveta.shop\/en\/wp-json\/wp\/v2\/media?parent=2026"}],"curies":[{"name":"wp","href":"https:\/\/api.w.org\/{rel}","templated":true}]}}