{"id":2025,"date":"2025-11-10T13:57:10","date_gmt":"2025-11-10T13:57:10","guid":{"rendered":"https:\/\/liveta.shop\/about-us\/"},"modified":"2025-12-13T14:48:26","modified_gmt":"2025-12-13T14:48:26","slug":"apie-mus","status":"publish","type":"page","link":"https:\/\/liveta.shop\/en\/apie-mus\/","title":{"rendered":"Kas mes esame"},"content":{"rendered":"<div data-elementor-type=\"wp-page\" data-elementor-id=\"2025\" class=\"elementor elementor-2025\" data-elementor-post-type=\"page\">\n\t\t\t\t<div class=\"elementor-element elementor-element-ab4bdb2 e-con-full e-flex e-con e-parent\" data-id=\"ab4bdb2\" data-element_type=\"container\" data-e-type=\"container\" data-settings=\"{&quot;background_background&quot;:&quot;video&quot;,&quot;background_video_link&quot;:&quot;https:\\\/\\\/liveta.shop\\\/wp-content\\\/uploads\\\/2025\\\/11\\\/Video-Project.mp4&quot;,&quot;position&quot;:&quot;fixed&quot;,&quot;background_play_on_mobile&quot;:&quot;yes&quot;}\">\n\t\t<div class=\"elementor-background-video-container\">\n\t\t\t\t\t\t\t<video class=\"elementor-background-video-hosted\" role=\"presentation\" autoplay muted playsinline loop><\/video>\n\t\t\t\t\t<\/div>\t\t<\/div>\n\t\t<div class=\"elementor-element elementor-element-17f4bf4 e-flex e-con-boxed e-con e-parent\" data-id=\"17f4bf4\" data-element_type=\"container\" data-e-type=\"container\" data-settings=\"{&quot;background_background&quot;:&quot;classic&quot;}\">\n\t\t\t\t\t<div class=\"e-con-inner\">\n\t\t\t\t<div class=\"elementor-element elementor-element-c1a9777 elementor-position-top elementor-widget elementor-widget-image-box\" data-id=\"c1a9777\" data-element_type=\"widget\" data-e-type=\"widget\" data-widget_type=\"image-box.default\">\n\t\t\t\t<div class=\"elementor-widget-container\">\n\t\t\t\t\t<div class=\"elementor-image-box-wrapper\"><figure class=\"elementor-image-box-img\"><a href=\"https:\/\/liveta.shop\/en\/\" tabindex=\"-1\"><img fetchpriority=\"high\" decoding=\"async\" width=\"300\" height=\"300\" src=\"https:\/\/liveta.shop\/wp-content\/uploads\/2025\/11\/cropped-cropped-Sportex-Favicon-2-300x300.png\" class=\"attachment-medium size-medium wp-image-3443\" alt=\"Logo\" srcset=\"https:\/\/liveta.shop\/wp-content\/uploads\/2025\/11\/cropped-cropped-Sportex-Favicon-2-300x300.png 300w, https:\/\/liveta.shop\/wp-content\/uploads\/2025\/11\/cropped-cropped-Sportex-Favicon-2-150x150.png 150w, https:\/\/liveta.shop\/wp-content\/uploads\/2025\/11\/cropped-cropped-Sportex-Favicon-2-12x12.png 12w, https:\/\/liveta.shop\/wp-content\/uploads\/2025\/11\/cropped-cropped-Sportex-Favicon-2-100x100.png 100w, https:\/\/liveta.shop\/wp-content\/uploads\/2025\/11\/cropped-cropped-Sportex-Favicon-2-270x270.png 270w, https:\/\/liveta.shop\/wp-content\/uploads\/2025\/11\/cropped-cropped-Sportex-Favicon-2-192x192.png 192w, https:\/\/liveta.shop\/wp-content\/uploads\/2025\/11\/cropped-cropped-Sportex-Favicon-2-180x180.png 180w, https:\/\/liveta.shop\/wp-content\/uploads\/2025\/11\/cropped-cropped-Sportex-Favicon-2-32x32.png 32w, https:\/\/liveta.shop\/wp-content\/uploads\/2025\/11\/cropped-cropped-Sportex-Favicon-2.png 512w\" sizes=\"(max-width: 300px) 100vw, 300px\" \/><\/a><\/figure><div class=\"elementor-image-box-content\"><h1 class=\"elementor-image-box-title\"><a href=\"https:\/\/liveta.shop\/en\/\">apie mus<\/a><\/h1><p class=\"elementor-image-box-description\">Esame viena populiariausi\u0173 ir labiausiai vertinam\u0173 sporto treniruokli\u0173 parduotuvi\u0173 Lietuvoje, jau 15 met\u0173 padedanti \u017emon\u0117ms kurti sveikesn\u012f, aktyvesn\u012f ir patogesn\u012f gyvenimo b\u016bd\u0105. M\u016bs\u0173 pagrindin\u0117 b\u016bstin\u0117 \u012fsik\u016brusi Kaune, ta\u010diau savo klientus pasiekiame visoje Lietuvoje \u2013 tiek fizin\u0117se parduotuv\u0117se, tiek internetu.\n\nPer daugiau kaip de\u0161imtmet\u012f u\u017esitarnavome tvirt\u0105 pasitik\u0117jim\u0105, si\u016blydami auk\u0161tos kokyb\u0117s sporto \u012frang\u0105, profesionalias konsultacijas ir greit\u0105 aptarnavim\u0105. M\u016bs\u0173 tikslas \u2013 kad kiekvieno kliento namuose atsirast\u0173 b\u016btent toks treniruoklis, kuris i\u0161 ties\u0173 motyvuoja jud\u0117ti ir padeda siekti rezultat\u0173.<\/p><\/div><\/div>\t\t\t\t<\/div>\n\t\t\t\t<\/div>\n\t\t\t\t<div class=\"elementor-element elementor-element-4e63754 elementor-widget-divider--view-line elementor-widget elementor-widget-divider\" data-id=\"4e63754\" data-element_type=\"widget\" data-e-type=\"widget\" data-widget_type=\"divider.default\">\n\t\t\t\t<div class=\"elementor-widget-container\">\n\t\t\t\t\t\t\t<div class=\"elementor-divider\">\n\t\t\t<span class=\"elementor-divider-separator\">\n\t\t\t\t\t\t<\/span>\n\t\t<\/div>\n\t\t\t\t\t\t<\/div>\n\t\t\t\t<\/div>\n\t\t\t\t\t<\/div>\n\t\t\t\t<\/div>\n\t\t<div class=\"elementor-element elementor-element-7322350 e-flex e-con-boxed e-con e-parent\" data-id=\"7322350\" data-element_type=\"container\" data-e-type=\"container\">\n\t\t\t\t\t<div class=\"e-con-inner\">\n\t\t<div class=\"elementor-element elementor-element-09ffccf e-con-full e-flex e-con e-child\" data-id=\"09ffccf\" data-element_type=\"container\" data-e-type=\"container\">\n\t\t\t\t<div class=\"elementor-element elementor-element-a923daa elementor-widget elementor-widget-spacer\" data-id=\"a923daa\" data-element_type=\"widget\" data-e-type=\"widget\" data-widget_type=\"spacer.default\">\n\t\t\t\t<div class=\"elementor-widget-container\">\n\t\t\t\t\t\t\t<div class=\"elementor-spacer\">\n\t\t\t<div class=\"elementor-spacer-inner\"><\/div>\n\t\t<\/div>\n\t\t\t\t\t\t<\/div>\n\t\t\t\t<\/div>\n\t\t\t\t<div class=\"elementor-element elementor-element-e28246f elementor-widget elementor-widget-heading\" data-id=\"e28246f\" data-element_type=\"widget\" data-e-type=\"widget\" data-widget_type=\"heading.default\">\n\t\t\t\t<div class=\"elementor-widget-container\">\n\t\t\t\t\t<h3 class=\"elementor-heading-title elementor-size-default\">M\u016bs\u0173 specializacija<\/h3>\t\t\t\t<\/div>\n\t\t\t\t<\/div>\n\t\t\t\t<div class=\"elementor-element elementor-element-dd4313e elementor-widget elementor-widget-text-editor\" data-id=\"dd4313e\" data-element_type=\"widget\" data-e-type=\"widget\" data-widget_type=\"text-editor.default\">\n\t\t\t\t<div class=\"elementor-widget-container\">\n\t\t\t\t\t\t\t\t\t<p data-start=\"891\" data-end=\"997\">Prekiaujame \u012fvairiais pasaulyje pripa\u017eintais sporto treniruokli\u0173 preki\u0173 \u017eenklais. M\u016bs\u0173 asortiment\u0105 sudaro:<\/p><ul data-start=\"999\" data-end=\"1167\"><li data-start=\"999\" data-end=\"1018\"><p data-start=\"1001\" data-end=\"1018\">b\u0117gimo takeliai<\/p><\/li><li data-start=\"1019\" data-end=\"1046\"><p data-start=\"1021\" data-end=\"1046\">dvira\u010diai treniruokliai<\/p><\/li><li data-start=\"1047\" data-end=\"1075\"><p data-start=\"1049\" data-end=\"1075\">elipsiniai treniruokliai<\/p><\/li><li data-start=\"1076\" data-end=\"1103\"><p data-start=\"1078\" data-end=\"1103\">irklavimo treniruokliai<\/p><\/li><li data-start=\"1104\" data-end=\"1121\"><p data-start=\"1106\" data-end=\"1121\">j\u0117gos stakl\u0117s<\/p><\/li><\/ul><p data-start=\"1169\" data-end=\"1374\">Si\u016blome tiek <strong data-start=\"1182\" data-end=\"1213\">\u012f\u0117jimo klas\u0117s \u012frang\u0105 namams<\/strong>, tiek <strong data-start=\"1220\" data-end=\"1262\">profesionalius modelius sporto klubams<\/strong>, tod\u0117l kiekvienas klientas ras sau tinkam\u0105 sprendim\u0105 \u2013 nuo pradedan\u010diojo iki sporto entuziasto ar profesionalo.<\/p>\t\t\t\t\t\t\t\t<\/div>\n\t\t\t\t<\/div>\n\t\t\t\t<\/div>\n\t\t<div class=\"elementor-element elementor-element-d454e95 e-con-full e-flex e-con e-child\" data-id=\"d454e95\" data-element_type=\"container\" data-e-type=\"container\">\n\t\t<div class=\"elementor-element elementor-element-c635ce3 e-con-full e-flex e-con e-child\" data-id=\"c635ce3\" data-element_type=\"container\" data-e-type=\"container\">\n\t\t\t\t<div class=\"elementor-element elementor-element-312a38b elementor-widget elementor-widget-heading\" data-id=\"312a38b\" data-element_type=\"widget\" data-e-type=\"widget\" data-widget_type=\"heading.default\">\n\t\t\t\t<div class=\"elementor-widget-container\">\n\t\t\t\t\t<h3 class=\"elementor-heading-title elementor-size-default\">M\u016bs\u0173 misija<\/h3>\t\t\t\t<\/div>\n\t\t\t\t<\/div>\n\t\t\t\t<div class=\"elementor-element elementor-element-e227ab1 elementor-widget elementor-widget-text-editor\" data-id=\"e227ab1\" data-element_type=\"widget\" data-e-type=\"widget\" data-widget_type=\"text-editor.default\">\n\t\t\t\t<div class=\"elementor-widget-container\">\n\t\t\t\t\t\t\t\t\t<p data-start=\"2183\" data-end=\"2461\">Suteikti \u017emon\u0117ms galimyb\u0119 sportuoti <strong data-start=\"2219\" data-end=\"2254\">patogiai, saugiai ir efektyviai<\/strong>, nepriklausomai nuo to, ar jie renkasi sportuoti namuose, ar profesionalioje erdv\u0117je. Tikime, kad tinkamai parinktas treniruoklis gali tapti ne tik pagalbininku, bet ir \u012fkv\u0117pimu kiekvienos dienos jud\u0117jimui.<\/p>\t\t\t\t\t\t\t\t<\/div>\n\t\t\t\t<\/div>\n\t\t\t\t<\/div>\n\t\t<div class=\"elementor-element elementor-element-85bbffd e-con-full e-flex e-con e-child\" data-id=\"85bbffd\" data-element_type=\"container\" data-e-type=\"container\">\n\t\t\t\t<div class=\"elementor-element elementor-element-4db37e8 elementor-widget elementor-widget-heading\" data-id=\"4db37e8\" data-element_type=\"widget\" data-e-type=\"widget\" data-widget_type=\"heading.default\">\n\t\t\t\t<div class=\"elementor-widget-container\">\n\t\t\t\t\t<h5 class=\"elementor-heading-title elementor-size-default\">M\u016bs\u0173 vizija<\/h5>\t\t\t\t<\/div>\n\t\t\t\t<\/div>\n\t\t\t\t<div class=\"elementor-element elementor-element-548fad3 elementor-widget elementor-widget-text-editor\" data-id=\"548fad3\" data-element_type=\"widget\" data-e-type=\"widget\" data-widget_type=\"text-editor.default\">\n\t\t\t\t<div class=\"elementor-widget-container\">\n\t\t\t\t\t\t\t\t\t<p data-start=\"2488\" data-end=\"2734\">Tapti pirmuoju pasirinkimu Lietuvoje ie\u0161kantiems kokybi\u0161kos sporto \u012frangos ir profesionalaus aptarnavimo. Nuolat ple\u010diame preki\u0173 asortiment\u0105, diegiame naujoves ir siekiame, kad kiekvienas klientas pasiekt\u0173 geriausi\u0105 savo sportin\u0117s formos versij\u0105.<\/p>\t\t\t\t\t\t\t\t<\/div>\n\t\t\t\t<\/div>\n\t\t\t\t<\/div>\n\t\t<div class=\"elementor-element elementor-element-581714c e-con-full e-flex e-con e-child\" data-id=\"581714c\" data-element_type=\"container\" data-e-type=\"container\">\n\t\t\t\t<div class=\"elementor-element elementor-element-a4bc4a4 elementor-widget elementor-widget-heading\" data-id=\"a4bc4a4\" data-element_type=\"widget\" data-e-type=\"widget\" data-widget_type=\"heading.default\">\n\t\t\t\t<div class=\"elementor-widget-container\">\n\t\t\t\t\t<h5 class=\"elementor-heading-title elementor-size-default\">Kod\u0117l klientai mus renkasi?<\/h5>\t\t\t\t<\/div>\n\t\t\t\t<\/div>\n\t\t\t\t<div class=\"elementor-element elementor-element-2e12e36 elementor-widget elementor-widget-text-editor\" data-id=\"2e12e36\" data-element_type=\"widget\" data-e-type=\"widget\" data-widget_type=\"text-editor.default\">\n\t\t\t\t<div class=\"elementor-widget-container\">\n\t\t\t\t\t\t\t\t\t<p>Turime 15 met\u0173 patirt\u012f ir esame viena populiariausi\u0173 treniruokli\u0173 parduotuvi\u0173 Lietuvoje. Si\u016blome plat\u0173 \u017einom\u0173 prek\u0117s \u017eenkl\u0173 pasirinkim\u0105, profesionalias konsultacijas, greit\u0105 pristatym\u0105 su montavimu bei patikim\u0105 garantin\u012f ir pogarantin\u012f aptarnavim\u0105.<\/p>\t\t\t\t\t\t\t\t<\/div>\n\t\t\t\t<\/div>\n\t\t\t\t<\/div>\n\t\t\t\t<\/div>\n\t\t\t\t\t<\/div>\n\t\t\t\t<\/div>\n\t\t\t\t<\/div>","protected":false},"excerpt":{"rendered":"<p>apie mus Esame viena populiariausi\u0173 ir labiausiai vertinam\u0173 sporto treniruokli\u0173 parduotuvi\u0173 Lietuvoje, jau 15 met\u0173 padedanti \u017emon\u0117ms kurti sveikesn\u012f, aktyvesn\u012f ir patogesn\u012f gyvenimo b\u016bd\u0105. M\u016bs\u0173 pagrindin\u0117 b\u016bstin\u0117 \u012fsik\u016brusi Kaune, ta\u010diau savo klientus pasiekiame visoje Lietuvoje \u2013 tiek fizin\u0117se parduotuv\u0117se, tiek internetu. Per daugiau kaip de\u0161imtmet\u012f u\u017esitarnavome tvirt\u0105 pasitik\u0117jim\u0105, si\u016blydami auk\u0161tos kokyb\u0117s sporto \u012frang\u0105, profesionalias konsultacijas [&hellip;]<\/p>\n","protected":false},"author":1,"featured_media":0,"parent":0,"menu_order":0,"comment_status":"closed","ping_status":"closed","template":"","meta":{"site-sidebar-layout":"no-sidebar","site-content-layout":"page-builder","ast-site-content-layout":"full-width-container","site-content-style":"unboxed","site-sidebar-style":"unboxed","ast-global-header-display":"","ast-banner-title-visibility":"","ast-main-header-display":"","ast-hfb-above-header-display":"","ast-hfb-below-header-display":"","ast-hfb-mobile-header-display":"","site-post-title":"disabled","ast-breadcrumbs-content":"disabled","ast-featured-img":"disabled","footer-sml-layout":"","theme-transparent-header-meta":"enabled","adv-header-id-meta":"","stick-header-meta":"","header-above-stick-meta":"","header-main-stick-meta":"","header-below-stick-meta":"","astra-migrate-meta-layouts":"set","ast-page-background-enabled":"default","ast-page-background-meta":{"desktop":{"background-color":"","background-image":"","background-repeat":"repeat","background-position":"center center","background-size":"auto","background-attachment":"scroll","background-type":"","background-media":"","overlay-type":"","overlay-color":"","overlay-opacity":"","overlay-gradient":""},"tablet":{"background-color":"","background-image":"","background-repeat":"repeat","background-position":"center center","background-size":"auto","background-attachment":"scroll","background-type":"","background-media":"","overlay-type":"","overlay-color":"","overlay-opacity":"","overlay-gradient":""},"mobile":{"background-color":"","background-image":"","background-repeat":"repeat","background-position":"center center","background-size":"auto","background-attachment":"scroll","background-type":"","background-media":"","overlay-type":"","overlay-color":"","overlay-opacity":"","overlay-gradient":""}},"ast-content-background-meta":{"desktop":{"background-color":"var(--ast-global-color-5)","background-image":"","background-repeat":"repeat","background-position":"center center","background-size":"auto","background-attachment":"scroll","background-type":"","background-media":"","overlay-type":"","overlay-color":"","overlay-opacity":"","overlay-gradient":""},"tablet":{"background-color":"var(--ast-global-color-5)","background-image":"","background-repeat":"repeat","background-position":"center center","background-size":"auto","background-attachment":"scroll","background-type":"","background-media":"","overlay-type":"","overlay-color":"","overlay-opacity":"","overlay-gradient":""},"mobile":{"background-color":"var(--ast-global-color-5)","background-image":"","background-repeat":"repeat","background-position":"center center","background-size":"auto","background-attachment":"scroll","background-type":"","background-media":"","overlay-type":"","overlay-color":"","overlay-opacity":"","overlay-gradient":""}},"footnotes":""},"class_list":["post-2025","page","type-page","status-publish","hentry"],"yoast_head":"<!-- This site is optimized with the Yoast SEO plugin v27.2 - https:\/\/yoast.com\/product\/yoast-seo-wordpress\/ -->\n<title>Kas mes esame - Livetos svetain\u0117<\/title>\n<meta name=\"description\" content=\"Su\u017einokite, kas mes esame: vertyb\u0117s, patirtis ir tikslas pad\u0117ti jums rasti patikim\u0105, ai\u0161ki\u0105 ir nauding\u0105 informacij\u0105 vienoje vietoje.\" \/>\n<meta name=\"robots\" content=\"noindex, follow, max-snippet:-1, max-image-preview:large, max-video-preview:-1\" \/>\n<meta property=\"og:locale\" content=\"en_US\" \/>\n<meta property=\"og:type\" content=\"article\" \/>\n<meta property=\"og:title\" content=\"Kas mes esame - Livetos svetain\u0117\" \/>\n<meta property=\"og:description\" content=\"Su\u017einokite, kas mes esame: vertyb\u0117s, patirtis ir tikslas pad\u0117ti jums rasti patikim\u0105, ai\u0161ki\u0105 ir nauding\u0105 informacij\u0105 vienoje vietoje.\" \/>\n<meta property=\"og:url\" content=\"https:\/\/liveta.shop\/en\/apie-mus\/\" \/>\n<meta property=\"og:site_name\" content=\"Livetos svetain\u0117\" \/>\n<meta property=\"article:modified_time\" content=\"2025-12-13T14:48:26+00:00\" \/>\n<meta property=\"og:image\" content=\"https:\/\/liveta.shop\/wp-content\/uploads\/2025\/11\/cropped-cropped-Sportex-Favicon-2-300x300.png\" \/>\n<meta name=\"twitter:card\" content=\"summary_large_image\" \/>\n<meta name=\"twitter:label1\" content=\"Est. reading time\" \/>\n\t<meta name=\"twitter:data1\" content=\"2 minutes\" \/>\n<script type=\"application\/ld+json\" class=\"yoast-schema-graph\">{\"@context\":\"https:\/\/schema.org\",\"@graph\":[{\"@type\":\"WebPage\",\"@id\":\"https:\/\/liveta.shop\/apie-mus\/\",\"url\":\"https:\/\/liveta.shop\/apie-mus\/\",\"name\":\"Kas mes esame - Livetos svetain\u0117\",\"isPartOf\":{\"@id\":\"https:\/\/liveta.shop\/#website\"},\"primaryImageOfPage\":{\"@id\":\"https:\/\/liveta.shop\/apie-mus\/#primaryimage\"},\"image\":{\"@id\":\"https:\/\/liveta.shop\/apie-mus\/#primaryimage\"},\"thumbnailUrl\":\"https:\/\/liveta.shop\/wp-content\/uploads\/2025\/11\/cropped-cropped-Sportex-Favicon-2-300x300.png\",\"datePublished\":\"2025-11-10T13:57:10+00:00\",\"dateModified\":\"2025-12-13T14:48:26+00:00\",\"description\":\"Su\u017einokite, kas mes esame: vertyb\u0117s, patirtis ir tikslas pad\u0117ti jums rasti patikim\u0105, ai\u0161ki\u0105 ir nauding\u0105 informacij\u0105 vienoje vietoje.\",\"breadcrumb\":{\"@id\":\"https:\/\/liveta.shop\/apie-mus\/#breadcrumb\"},\"inLanguage\":\"en-US\",\"potentialAction\":[{\"@type\":\"ReadAction\",\"target\":[\"https:\/\/liveta.shop\/apie-mus\/\"]}]},{\"@type\":\"ImageObject\",\"inLanguage\":\"en-US\",\"@id\":\"https:\/\/liveta.shop\/apie-mus\/#primaryimage\",\"url\":\"https:\/\/liveta.shop\/wp-content\/uploads\/2025\/11\/cropped-cropped-Sportex-Favicon-2-300x300.png\",\"contentUrl\":\"https:\/\/liveta.shop\/wp-content\/uploads\/2025\/11\/cropped-cropped-Sportex-Favicon-2-300x300.png\"},{\"@type\":\"BreadcrumbList\",\"@id\":\"https:\/\/liveta.shop\/apie-mus\/#breadcrumb\",\"itemListElement\":[{\"@type\":\"ListItem\",\"position\":1,\"name\":\"Home\",\"item\":\"https:\/\/liveta.shop\/\"},{\"@type\":\"ListItem\",\"position\":2,\"name\":\"Kas mes esame\"}]},{\"@type\":\"WebSite\",\"@id\":\"https:\/\/liveta.shop\/#website\",\"url\":\"https:\/\/liveta.shop\/\",\"name\":\"Livetos svetaine\",\"description\":\"Sporto treniruokli\u0173 parduotuv\u0117\",\"publisher\":{\"@id\":\"https:\/\/liveta.shop\/#organization\"},\"potentialAction\":[{\"@type\":\"SearchAction\",\"target\":{\"@type\":\"EntryPoint\",\"urlTemplate\":\"https:\/\/liveta.shop\/?s={search_term_string}\"},\"query-input\":{\"@type\":\"PropertyValueSpecification\",\"valueRequired\":true,\"valueName\":\"search_term_string\"}}],\"inLanguage\":\"en-US\"},{\"@type\":\"Organization\",\"@id\":\"https:\/\/liveta.shop\/#organization\",\"name\":\"Livetos svetaine\",\"url\":\"https:\/\/liveta.shop\/\",\"logo\":{\"@type\":\"ImageObject\",\"inLanguage\":\"en-US\",\"@id\":\"https:\/\/liveta.shop\/#\/schema\/logo\/image\/\",\"url\":\"https:\/\/liveta.shop\/wp-content\/uploads\/2025\/11\/cropped-Sportex-Favicon-2.png\",\"contentUrl\":\"https:\/\/liveta.shop\/wp-content\/uploads\/2025\/11\/cropped-Sportex-Favicon-2.png\",\"width\":999,\"height\":999,\"caption\":\"Livetos svetaine\"},\"image\":{\"@id\":\"https:\/\/liveta.shop\/#\/schema\/logo\/image\/\"}}]}<\/script>\n<!-- \/ Yoast SEO plugin. -->","yoast_head_json":{"title":"Kas mes esame - Livetos svetain\u0117","description":"Su\u017einokite, kas mes esame: vertyb\u0117s, patirtis ir tikslas pad\u0117ti jums rasti patikim\u0105, ai\u0161ki\u0105 ir nauding\u0105 informacij\u0105 vienoje vietoje.","robots":{"index":"noindex","follow":"follow","max-snippet":"max-snippet:-1","max-image-preview":"max-image-preview:large","max-video-preview":"max-video-preview:-1"},"og_locale":"en_US","og_type":"article","og_title":"Kas mes esame - Livetos svetain\u0117","og_description":"Su\u017einokite, kas mes esame: vertyb\u0117s, patirtis ir tikslas pad\u0117ti jums rasti patikim\u0105, ai\u0161ki\u0105 ir nauding\u0105 informacij\u0105 vienoje vietoje.","og_url":"https:\/\/liveta.shop\/en\/apie-mus\/","og_site_name":"Livetos svetain\u0117","article_modified_time":"2025-12-13T14:48:26+00:00","og_image":[{"url":"https:\/\/liveta.shop\/wp-content\/uploads\/2025\/11\/cropped-cropped-Sportex-Favicon-2-300x300.png","type":"","width":"","height":""}],"twitter_card":"summary_large_image","twitter_misc":{"Est. reading time":"2 minutes"},"schema":{"@context":"https:\/\/schema.org","@graph":[{"@type":"WebPage","@id":"https:\/\/liveta.shop\/apie-mus\/","url":"https:\/\/liveta.shop\/apie-mus\/","name":"Kas mes esame - Livetos svetain\u0117","isPartOf":{"@id":"https:\/\/liveta.shop\/#website"},"primaryImageOfPage":{"@id":"https:\/\/liveta.shop\/apie-mus\/#primaryimage"},"image":{"@id":"https:\/\/liveta.shop\/apie-mus\/#primaryimage"},"thumbnailUrl":"https:\/\/liveta.shop\/wp-content\/uploads\/2025\/11\/cropped-cropped-Sportex-Favicon-2-300x300.png","datePublished":"2025-11-10T13:57:10+00:00","dateModified":"2025-12-13T14:48:26+00:00","description":"Su\u017einokite, kas mes esame: vertyb\u0117s, patirtis ir tikslas pad\u0117ti jums rasti patikim\u0105, ai\u0161ki\u0105 ir nauding\u0105 informacij\u0105 vienoje vietoje.","breadcrumb":{"@id":"https:\/\/liveta.shop\/apie-mus\/#breadcrumb"},"inLanguage":"en-US","potentialAction":[{"@type":"ReadAction","target":["https:\/\/liveta.shop\/apie-mus\/"]}]},{"@type":"ImageObject","inLanguage":"en-US","@id":"https:\/\/liveta.shop\/apie-mus\/#primaryimage","url":"https:\/\/liveta.shop\/wp-content\/uploads\/2025\/11\/cropped-cropped-Sportex-Favicon-2-300x300.png","contentUrl":"https:\/\/liveta.shop\/wp-content\/uploads\/2025\/11\/cropped-cropped-Sportex-Favicon-2-300x300.png"},{"@type":"BreadcrumbList","@id":"https:\/\/liveta.shop\/apie-mus\/#breadcrumb","itemListElement":[{"@type":"ListItem","position":1,"name":"Home","item":"https:\/\/liveta.shop\/"},{"@type":"ListItem","position":2,"name":"Kas mes esame"}]},{"@type":"WebSite","@id":"https:\/\/liveta.shop\/#website","url":"https:\/\/liveta.shop\/","name":"Livetos svetaine","description":"Sporto treniruokli\u0173 parduotuv\u0117","publisher":{"@id":"https:\/\/liveta.shop\/#organization"},"potentialAction":[{"@type":"SearchAction","target":{"@type":"EntryPoint","urlTemplate":"https:\/\/liveta.shop\/?s={search_term_string}"},"query-input":{"@type":"PropertyValueSpecification","valueRequired":true,"valueName":"search_term_string"}}],"inLanguage":"en-US"},{"@type":"Organization","@id":"https:\/\/liveta.shop\/#organization","name":"Livetos svetaine","url":"https:\/\/liveta.shop\/","logo":{"@type":"ImageObject","inLanguage":"en-US","@id":"https:\/\/liveta.shop\/#\/schema\/logo\/image\/","url":"https:\/\/liveta.shop\/wp-content\/uploads\/2025\/11\/cropped-Sportex-Favicon-2.png","contentUrl":"https:\/\/liveta.shop\/wp-content\/uploads\/2025\/11\/cropped-Sportex-Favicon-2.png","width":999,"height":999,"caption":"Livetos svetaine"},"image":{"@id":"https:\/\/liveta.shop\/#\/schema\/logo\/image\/"}}]}},"_links":{"self":[{"href":"https:\/\/liveta.shop\/en\/wp-json\/wp\/v2\/pages\/2025","targetHints":{"allow":["GET"]}}],"collection":[{"href":"https:\/\/liveta.shop\/en\/wp-json\/wp\/v2\/pages"}],"about":[{"href":"https:\/\/liveta.shop\/en\/wp-json\/wp\/v2\/types\/page"}],"author":[{"embeddable":true,"href":"https:\/\/liveta.shop\/en\/wp-json\/wp\/v2\/users\/1"}],"replies":[{"embeddable":true,"href":"https:\/\/liveta.shop\/en\/wp-json\/wp\/v2\/comments?post=2025"}],"version-history":[{"count":102,"href":"https:\/\/liveta.shop\/en\/wp-json\/wp\/v2\/pages\/2025\/revisions"}],"predecessor-version":[{"id":3638,"href":"https:\/\/liveta.shop\/en\/wp-json\/wp\/v2\/pages\/2025\/revisions\/3638"}],"wp:attachment":[{"href":"https:\/\/liveta.shop\/en\/wp-json\/wp\/v2\/media?parent=2025"}],"curies":[{"name":"wp","href":"https:\/\/api.w.org\/{rel}","templated":true}]}}